{"id":348,"date":"2015-11-06T17:00:08","date_gmt":"2015-11-06T15:00:08","guid":{"rendered":"https:\/\/tuncayilcim.av.tr\/v5\/?page_id=348"},"modified":"2015-11-06T17:00:08","modified_gmt":"2015-11-06T15:00:08","slug":"banka-ve-finans-hukuku","status":"publish","type":"page","link":"https:\/\/tuncayilcim.av.tr\/v5\/hizmetlerimiz\/banka-ve-finans-hukuku\/","title":{"rendered":"Banka ve Finans Hukuku"},"content":{"rendered":"<p>Bankalara, finans, faktoring, varl\u0131k y\u00f6netim \u015firketlerine, off-shore bankalara, ulusal ve uluslar aras\u0131 finansal kiralama \u015firketlerine ve b\u00fct\u00fcn mali kurulu\u015flara her t\u00fcrl\u00fc hukuki hizmet verilmektedir. Bu hizmetler vekillik hizmeti ve dan\u0131\u015fmanl\u0131k hizmeti olarak ayr\u0131 ayr\u0131 y\u00fcr\u00fct\u00fclmektedir. Bu alanda verilen dava vekilli\u011fi ve dan\u0131\u015fmanl\u0131k hizmetlerini \u015fu \u015fekilde s\u0131ralayabiliriz:<\/p>\n<p><strong> Dava Vekilli\u011fi Hizmetleri<\/strong><\/p>\n<p>1. Banka ve di\u011fer finans \u015firketlerinin her t\u00fcrl\u00fc hak ve alacaklar\u0131n\u0131n takipleri<br \/>\n2. \u0130potek ve Teminatl\u0131 i\u015flemlerden do\u011fan davalar<br \/>\n3. Kredi s\u00f6zle\u015fmelerinden do\u011fan davalar<br \/>\n4. Leasing ve faktoring i\u015flemlerinden do\u011fan davalar<\/p>\n<p><strong>Dan\u0131\u015fmanl\u0131k Hizmetleri<\/strong><\/p>\n<p>1. Bankalar Hukuku ve Finans\/Kredi Kurulu\u015flar\u0131n\u0131n i\u015fleyi\u015fi, yap\u0131s\u0131 ve organizasyonu hakk\u0131nda dan\u0131\u015fmanl\u0131k vermek<br \/>\n2. Bankalar Birli\u011fi ve Bankac\u0131l\u0131k Denetleme Kurulu Ve TMSF den ve mevzuattan kaynaklanan hukuki problemlerin \u00e7\u00f6z\u00fcm\u00fc<br \/>\n3. Denizcilik ve yat\u00e7\u0131l\u0131k finansman\u0131 denetimi ve d\u00fczenlenmesi<br \/>\n4. \u0130dari ve d\u00fczenleyici sistem a\u00e7\u0131s\u0131ndan kurulu\u015flar, bankac\u0131l\u0131k operasyonlar\u0131 ve mali organizasyonlar\u0131n denetlenmesi<br \/>\n5. \u0130potek ve teminatl\u0131 i\u015flemlerin d\u00fczenlenmesi<br \/>\n6. Finansal kiralama ve faktoring i\u015flemlerinin d\u00fczenlenmesi<br \/>\n7. Kredi S\u00f6zle\u015fmelerinin denetlenmesi ve d\u00fczenlenmesi<br \/>\n8. Para transfer i\u015flemlerinin g\u00fcvenli bir \u015fekilde ger\u00e7ekle\u015ftirilmesi<br \/>\n9. Proje finansman\u0131 denetimi ve d\u00fczenlenmesi<br \/>\n10. Sermaye piyasas\u0131 uygulamalar\u0131n\u0131n denetlenmesi ve d\u00fczenlenmesi<br \/>\n11. \u015eirket finansman\u0131 denetimi ve d\u00fczenlenmesi<br \/>\n12. Uluslararas\u0131 ticaret finansman\u0131 denetimi ve d\u00fczenlenmesi<br \/>\n13. Mesai saatleri i\u00e7erisinde olmak kayd\u0131yla, b\u00fcroda, telefonla yahut yaz\u0131l\u0131 olarak s\u0131n\u0131rs\u0131z dan\u0131\u015fmanl\u0131k verilmesi<\/p>\n","protected":false},"excerpt":{"rendered":"<p>Bankalara, finans, faktoring, varl\u0131k y\u00f6netim \u015firketlerine, off-shore bankalara, ulusal ve uluslar aras\u0131 finansal kiralama \u015firketlerine ve b\u00fct\u00fcn mali kurulu\u015flara her t\u00fcrl\u00fc hukuki hizmet verilmektedir. Bu hizmetler<span class=\"excerpt-hellip\"> [\u2026]<\/span><\/p>\n","protected":false},"author":1,"featured_media":0,"parent":202,"menu_order":0,"comment_status":"closed","ping_status":"closed","template":"","meta":{"_joinchat":[],"footnotes":""},"class_list":["post-348","page","type-page","status-publish","hentry"],"_links":{"self":[{"href":"https:\/\/tuncayilcim.av.tr\/v5\/wp-json\/wp\/v2\/pages\/348","targetHints":{"allow":["GET"]}}],"collection":[{"href":"https:\/\/tuncayilcim.av.tr\/v5\/wp-json\/wp\/v2\/pages"}],"about":[{"href":"https:\/\/tuncayilcim.av.tr\/v5\/wp-json\/wp\/v2\/types\/page"}],"author":[{"embeddable":true,"href":"https:\/\/tuncayilcim.av.tr\/v5\/wp-json\/wp\/v2\/users\/1"}],"replies":[{"embeddable":true,"href":"https:\/\/tuncayilcim.av.tr\/v5\/wp-json\/wp\/v2\/comments?post=348"}],"version-history":[{"count":0,"href":"https:\/\/tuncayilcim.av.tr\/v5\/wp-json\/wp\/v2\/pages\/348\/revisions"}],"up":[{"embeddable":true,"href":"https:\/\/tuncayilcim.av.tr\/v5\/wp-json\/wp\/v2\/pages\/202"}],"wp:attachment":[{"href":"https:\/\/tuncayilcim.av.tr\/v5\/wp-json\/wp\/v2\/media?parent=348"}],"curies":[{"name":"wp","href":"https:\/\/api.w.org\/{rel}","templated":true}]}}