{"id":345,"date":"2015-11-06T16:54:17","date_gmt":"2015-11-06T14:54:17","guid":{"rendered":"https:\/\/tuncayilcim.av.tr\/v5\/?page_id=345"},"modified":"2015-11-06T16:54:17","modified_gmt":"2015-11-06T14:54:17","slug":"aktuerya-hukuku","status":"publish","type":"page","link":"https:\/\/tuncayilcim.av.tr\/v5\/hizmetlerimiz\/aktuerya-hukuku\/","title":{"rendered":"Akt\u00fcerya Hukuku"},"content":{"rendered":"<ul>\n<li>Kusur Sorumlulu\u011fu<\/li>\n<li>Kusursuz Sorumluluk<\/li>\n<li>Hukuka Ayk\u0131r\u0131l\u0131\u011f\u0131 Kald\u0131ran Haller<\/li>\n<li>Tazminat\u0131n Belirlenmesi<\/li>\n<li>\u00d6l\u00fcm ve Bedensel Zarar Halinde Tazminat\u0131n Belirlenmesi<\/li>\n<li>Haks\u0131z Fiillerde Zamana\u015f\u0131m\u0131<\/li>\n<li>R\u00fccu Talebinde Zamana\u015f\u0131m\u0131<\/li>\n<li>Genel Olarak Beden Taml\u0131\u011f\u0131n\u0131n \u0130hlali Kavram\u0131<\/li>\n<li>Beden Tanl\u0131\u011f\u0131n\u0131n \u0130hlalinin De\u011ferlendirilmesi<\/li>\n<li>Masraf Kalemleri<\/li>\n<li>Beden Taml\u0131\u011f\u0131 \u0130hlali Zarar\u0131n\u0131n ve Tazminat\u0131n\u0131n Belirlenmesi<\/li>\n<li>\u0130ndirim Nedenleri<\/li>\n<li>Tazminat\u0131n Hesab\u0131<\/li>\n<li>Destekten Yoksun Kalma Kavram\u0131<\/li>\n<li>Destekten Yoksun Kalanlar<\/li>\n<li>Hayat Sigortalar\u0131 Matemati\u011fi<\/li>\n<li>Hayat Tablolar\u0131 (Mortalite, \u00d6l\u00fcml\u00fcl\u00fck, Ya\u015fam Tablolar\u0131)<\/li>\n<li>Beklenen Ya\u015fam S\u00fcresi<\/li>\n<li>T\u00fcrkiye Hayat Tablolar\u0131<\/li>\n<li>Hayat Ann\u00fciteleri<\/li>\n<li>Zarar\u0131n Hesab\u0131<\/li>\n<li>\u0130ndirim Nedenleri<\/li>\n<li>Tazminat\u0131n Hesab\u0131<\/li>\n<li>Beden Taml\u0131\u011f\u0131n\u0131n \u0130hlali Hesab\u0131na Y\u00f6nelik Uygulamalar<\/li>\n<li>Destekten Yoksun Kalma Zarar Hesab\u0131na Y\u00f6nelik Uygulamal\u0131<\/li>\n<\/ul>\n","protected":false},"excerpt":{"rendered":"<p>Kusur Sorumlulu\u011fu Kusursuz Sorumluluk Hukuka Ayk\u0131r\u0131l\u0131\u011f\u0131 Kald\u0131ran Haller Tazminat\u0131n Belirlenmesi \u00d6l\u00fcm ve Bedensel Zarar Halinde Tazminat\u0131n Belirlenmesi Haks\u0131z Fiillerde Zamana\u015f\u0131m\u0131 R\u00fccu Talebinde Zamana\u015f\u0131m\u0131 Genel Olarak Beden<span class=\"excerpt-hellip\"> [\u2026]<\/span><\/p>\n","protected":false},"author":1,"featured_media":0,"parent":202,"menu_order":0,"comment_status":"closed","ping_status":"closed","template":"","meta":{"_joinchat":[],"footnotes":""},"class_list":["post-345","page","type-page","status-publish","hentry"],"_links":{"self":[{"href":"https:\/\/tuncayilcim.av.tr\/v5\/wp-json\/wp\/v2\/pages\/345","targetHints":{"allow":["GET"]}}],"collection":[{"href":"https:\/\/tuncayilcim.av.tr\/v5\/wp-json\/wp\/v2\/pages"}],"about":[{"href":"https:\/\/tuncayilcim.av.tr\/v5\/wp-json\/wp\/v2\/types\/page"}],"author":[{"embeddable":true,"href":"https:\/\/tuncayilcim.av.tr\/v5\/wp-json\/wp\/v2\/users\/1"}],"replies":[{"embeddable":true,"href":"https:\/\/tuncayilcim.av.tr\/v5\/wp-json\/wp\/v2\/comments?post=345"}],"version-history":[{"count":0,"href":"https:\/\/tuncayilcim.av.tr\/v5\/wp-json\/wp\/v2\/pages\/345\/revisions"}],"up":[{"embeddable":true,"href":"https:\/\/tuncayilcim.av.tr\/v5\/wp-json\/wp\/v2\/pages\/202"}],"wp:attachment":[{"href":"https:\/\/tuncayilcim.av.tr\/v5\/wp-json\/wp\/v2\/media?parent=345"}],"curies":[{"name":"wp","href":"https:\/\/api.w.org\/{rel}","templated":true}]}}