{"id":342,"date":"2015-11-06T16:51:00","date_gmt":"2015-11-06T14:51:00","guid":{"rendered":"https:\/\/tuncayilcim.av.tr\/v5\/?page_id=342"},"modified":"2015-11-06T16:51:00","modified_gmt":"2015-11-06T14:51:00","slug":"enerji-hukuku","status":"publish","type":"page","link":"https:\/\/tuncayilcim.av.tr\/v5\/hizmetlerimiz\/enerji-hukuku\/","title":{"rendered":"Enerji Hukuku"},"content":{"rendered":"<p style=\"text-align: justify;\">\u2013 Enerji kaynaklar\u0131n\u0131n \u00e7\u0131kar\u0131lmas\u0131, enerjinin \u00fcretilmesi, enerji santrallerinin kurulmas\u0131na ili\u015fkin izin s\u00fcre\u00e7leri<br \/>\n\u2013 Petrol piyasas\u0131 i\u015flemleri \u2013 S\u0131v\u0131la\u015ft\u0131r\u0131lm\u0131\u015f petrol gazlar\u0131 piyasas\u0131 i\u015flemleri<br \/>\n\u2013 Do\u011fal gaz piyasas\u0131 i\u015flemleri<br \/>\n\u2013 Elektrik piyasas\u0131 i\u015flemleri<br \/>\n\u2013 Enerji s\u00f6zle\u015fmeleri<br \/>\n\u2013 Faaliyetten yasaklama tedbirine ili\u015fkin davalar<br \/>\n\u2013 \u0130dari para cezas\u0131na ili\u015fkin davalar<br \/>\n\u2013 Yetki belgesi iptali davalar\u0131<br \/>\n\u2013 Enerji projeleri finansman i\u015flemleri<br \/>\n\u2013 Enerji kaynaklar\u0131n\u0131n depolanmas\u0131, g\u00fcmr\u00fck ve antrepo i\u015flemleri<br \/>\n\u2013 Enerji (petrol) ka\u00e7ak\u00e7\u0131l\u0131\u011f\u0131 ve h\u0131rs\u0131zl\u0131\u011f\u0131yla ilgili ceza, kabahat ve tazminat davalar\u0131<br \/>\n\u2013 Enerji \u015firketlerinin lisanslama faaliyetleri<br \/>\n\u2013 Enerji \u015firketlerinin \u00f6zelle\u015ftirilmesi<br \/>\n\u2013 Enerji ihaleleri<br \/>\n\u2013 Enerji \u015firketleri ve d\u00fczenleyici kamu kurumlar\u0131 aras\u0131ndaki ili\u015fkilerin y\u00fcr\u00fct\u00fclmesi<br \/>\n\u2013 Enerji \u00fcretim ve da\u011f\u0131t\u0131m \u015firketleri aras\u0131ndaki haks\u0131z rekabete ili\u015fkin hukuki sorunlar<br \/>\n\u2013 Yat\u0131r\u0131m Anla\u015fmalar\u0131<br \/>\n\u2013 Uluslararas\u0131 Ticari ve Yat\u0131r\u0131m S\u00f6zle\u015fmelerini Y\u00f6netme<br \/>\n\u2013 Etkili Tahkim \u015eartlar\u0131n\u0131n Haz\u0131rlanmas\u0131<br \/>\n\u2013 Ticari ve Yat\u0131r\u0131m Uyu\u015fmazl\u0131klar\u0131n\u0131n Y\u00f6netimi<\/p>\n<p style=\"text-align: justify;\"><strong>Ge\u00e7ersiz marker i\u00e7eren ka\u00e7ak akaryak\u0131t:<\/strong><\/p>\n<p style=\"text-align: justify;\">Petrol istasyonlar\u0131nda yap\u0131lan denetimlerde pompalardan al\u0131nan motorinlerin ge\u00e7ersiz marker seviyesinde \u00e7\u0131kmas\u0131, ge\u00e7ersiz marker \u00e7\u0131kan pompalar\u0131n ba\u011fl\u0131 oldu\u011fu tankerlerde yap\u0131lan incelemelerde tanklardaki motorinlerin ge\u00e7ersiz marker seviyesinde \u00e7\u0131kt\u0131\u011f\u0131n\u0131n tespit edilmesi ve usul\u00fcne uygun \u015fahit numuneler al\u0131nmas\u0131, numune alma tutana\u011f\u0131, m\u00fch\u00fcrleme tutana\u011f\u0131, ulusal marker tespit tutana\u011f\u0131 gibi tutanaklara dayan\u0131larak G\u00fcmr\u00fck ve Ticaret Bakanl\u0131\u011f\u0131 G\u00fcmr\u00fck Muhafaza Ka\u00e7ak\u00e7\u0131l\u0131k ve \u0130stihbarat M\u00fcd\u00fcrl\u00fc\u011f\u00fc\u2019nce fezleke d\u00fczenlenebilir. Tanklarda bulunan markers\u0131z motorine Cumhuriyet Ba\u015fsavc\u0131l\u0131\u011f\u0131n\u0131n yaz\u0131l\u0131 emri ile el konulabilir, el koyma karar\u0131 Sulh Ceza Hakimli\u011fi\u2019nin karar\u0131yla onaylanabilir. Bilirki\u015fi raporunda; \u015fahit numuneler \u00fczerinde yap\u0131lan incelemede el konulan motorinlerin ulusal marker seviyesi ge\u00e7ersiz bulundu\u011fundan \u201cka\u00e7ak \u00fcr\u00fcn\u201d niteli\u011finde oldu\u011fu ifade edilebilir. B\u00f6yle durumlarda, Ka\u00e7ak\u00e7\u0131l\u0131kla M\u00fccadele Kanuna Muhalefet su\u00e7u i\u015flendi\u011fi gerek\u00e7esiyle a\u00e7\u0131lan su\u00e7 soru\u015fturmas\u0131 veya ceza davalar\u0131 takip etti\u011fimiz konular aras\u0131nda yer almaktad\u0131r.<\/p>\n","protected":false},"excerpt":{"rendered":"<p>\u2013 Enerji kaynaklar\u0131n\u0131n \u00e7\u0131kar\u0131lmas\u0131, enerjinin \u00fcretilmesi, enerji santrallerinin kurulmas\u0131na ili\u015fkin izin s\u00fcre\u00e7leri \u2013 Petrol piyasas\u0131 i\u015flemleri \u2013 S\u0131v\u0131la\u015ft\u0131r\u0131lm\u0131\u015f petrol gazlar\u0131 piyasas\u0131 i\u015flemleri \u2013 Do\u011fal gaz piyasas\u0131<span class=\"excerpt-hellip\"> [\u2026]<\/span><\/p>\n","protected":false},"author":1,"featured_media":0,"parent":202,"menu_order":0,"comment_status":"closed","ping_status":"closed","template":"","meta":{"_joinchat":[],"footnotes":""},"class_list":["post-342","page","type-page","status-publish","hentry"],"_links":{"self":[{"href":"https:\/\/tuncayilcim.av.tr\/v5\/wp-json\/wp\/v2\/pages\/342","targetHints":{"allow":["GET"]}}],"collection":[{"href":"https:\/\/tuncayilcim.av.tr\/v5\/wp-json\/wp\/v2\/pages"}],"about":[{"href":"https:\/\/tuncayilcim.av.tr\/v5\/wp-json\/wp\/v2\/types\/page"}],"author":[{"embeddable":true,"href":"https:\/\/tuncayilcim.av.tr\/v5\/wp-json\/wp\/v2\/users\/1"}],"replies":[{"embeddable":true,"href":"https:\/\/tuncayilcim.av.tr\/v5\/wp-json\/wp\/v2\/comments?post=342"}],"version-history":[{"count":0,"href":"https:\/\/tuncayilcim.av.tr\/v5\/wp-json\/wp\/v2\/pages\/342\/revisions"}],"up":[{"embeddable":true,"href":"https:\/\/tuncayilcim.av.tr\/v5\/wp-json\/wp\/v2\/pages\/202"}],"wp:attachment":[{"href":"https:\/\/tuncayilcim.av.tr\/v5\/wp-json\/wp\/v2\/media?parent=342"}],"curies":[{"name":"wp","href":"https:\/\/api.w.org\/{rel}","templated":true}]}}