{"id":339,"date":"2015-11-06T16:47:28","date_gmt":"2015-11-06T14:47:28","guid":{"rendered":"https:\/\/tuncayilcim.av.tr\/v5\/?page_id=339"},"modified":"2015-11-06T16:47:39","modified_gmt":"2015-11-06T14:47:39","slug":"gayrimenkul-hukuku","status":"publish","type":"page","link":"https:\/\/tuncayilcim.av.tr\/v5\/hizmetlerimiz\/gayrimenkul-hukuku\/","title":{"rendered":"Gayrimenkul Hukuku"},"content":{"rendered":"<ul>\n<li>Tapu \u0130ptali Ve Tescil Davalar\u0131<\/li>\n<li>\u015euf&#8217;a Davalar\u0131<\/li>\n<li>Men&#8217;i M\u00fcdahale Davalar\u0131<\/li>\n<li>Ecri Misil Davalar\u0131<\/li>\n<li>Muvazaa Nedeni \u0130le Tapu \u0130ptal Davalar\u0131<\/li>\n<li>Ge\u00e7it Hakk\u0131 Davalar\u0131<\/li>\n<li>Tespit Davalar\u0131<\/li>\n<li>\u0130zale-\u0130 \u015euyu Davalar\u0131 (Ortakl\u0131\u011f\u0131n Giderilmesi Davalar\u0131)<\/li>\n<li>\u0130pote\u011fin Fekki Davalar\u0131<\/li>\n<li>Gayrimenkul Sat\u0131\u015f Vaadinden Kaynaklanan Davalar &#8230;<\/li>\n<\/ul>\n","protected":false},"excerpt":{"rendered":"<p>Tapu \u0130ptali Ve Tescil Davalar\u0131 \u015euf&#8217;a Davalar\u0131 Men&#8217;i M\u00fcdahale Davalar\u0131 Ecri Misil Davalar\u0131 Muvazaa Nedeni \u0130le Tapu \u0130ptal Davalar\u0131 Ge\u00e7it Hakk\u0131 Davalar\u0131 Tespit Davalar\u0131 \u0130zale-\u0130 \u015euyu<span class=\"excerpt-hellip\"> [\u2026]<\/span><\/p>\n","protected":false},"author":1,"featured_media":0,"parent":202,"menu_order":0,"comment_status":"closed","ping_status":"closed","template":"","meta":{"_joinchat":[],"footnotes":""},"class_list":["post-339","page","type-page","status-publish","hentry"],"_links":{"self":[{"href":"https:\/\/tuncayilcim.av.tr\/v5\/wp-json\/wp\/v2\/pages\/339","targetHints":{"allow":["GET"]}}],"collection":[{"href":"https:\/\/tuncayilcim.av.tr\/v5\/wp-json\/wp\/v2\/pages"}],"about":[{"href":"https:\/\/tuncayilcim.av.tr\/v5\/wp-json\/wp\/v2\/types\/page"}],"author":[{"embeddable":true,"href":"https:\/\/tuncayilcim.av.tr\/v5\/wp-json\/wp\/v2\/users\/1"}],"replies":[{"embeddable":true,"href":"https:\/\/tuncayilcim.av.tr\/v5\/wp-json\/wp\/v2\/comments?post=339"}],"version-history":[{"count":0,"href":"https:\/\/tuncayilcim.av.tr\/v5\/wp-json\/wp\/v2\/pages\/339\/revisions"}],"up":[{"embeddable":true,"href":"https:\/\/tuncayilcim.av.tr\/v5\/wp-json\/wp\/v2\/pages\/202"}],"wp:attachment":[{"href":"https:\/\/tuncayilcim.av.tr\/v5\/wp-json\/wp\/v2\/media?parent=339"}],"curies":[{"name":"wp","href":"https:\/\/api.w.org\/{rel}","templated":true}]}}