{"id":336,"date":"2015-11-06T16:44:44","date_gmt":"2015-11-06T14:44:44","guid":{"rendered":"https:\/\/tuncayilcim.av.tr\/v5\/?page_id=336"},"modified":"2015-11-06T16:45:11","modified_gmt":"2015-11-06T14:45:11","slug":"is-hukuku","status":"publish","type":"page","link":"https:\/\/tuncayilcim.av.tr\/v5\/hizmetlerimiz\/is-hukuku\/","title":{"rendered":"\u0130\u015f Hukuku"},"content":{"rendered":"<p><strong>K\u0131dem Tazminat\u0131 : <\/strong>\u0130\u015f s\u00f6zle\u015fmesi,\u00a0 1475 Say\u0131l\u0131 \u0130\u015f Kanunu&#8217;nun 14.Maddesi&#8217;nde belirtilen ko\u015ful ve sebeplerle sona eren i\u015f\u00e7iye ya da onun vefat\u0131 durumunda miras\u00e7\u0131lar\u0131na yap\u0131lmas\u0131 gereken \u00f6demedir.<\/p>\n<p>K\u0131dem Tazminat\u0131n\u0131n \u015eartlar\u0131 K\u0131dem \u015eart\u0131:\u0130\u015f\u00e7inin en az 1 y\u0131ll\u0131k k\u0131demi bulunmal\u0131d\u0131r. \u0130\u015f s\u00f6zle\u015fmesi kanunda belirtilen sebeplerle sona ermi\u015f olmal\u0131d\u0131r: \u0130\u015f s\u00f6zle\u015fmesinin emeklilik nedeniyle sona ermesi,kad\u0131n i\u015f\u00e7inin i\u015f s\u00f6zle\u015fmesini evlilik sebebiyle sona erdirmesi,i\u015f s\u00f6zle\u015fmesinin i\u015f\u00e7inin vefat\u0131 nedeniyle sona ermesi,i\u015f s\u00f6zle\u015fmesinin askerlik nedeniyle erkek i\u015f\u00e7i taraf\u0131ndan sona erdirilmesi,i\u015f\u00e7inin 4857 Say\u0131l\u0131 Kanun&#8217;un 24.maddesindeki bildirimsiz derhal fesih sebepleriyle i\u015f s\u00f6zle\u015fmesini kanunun \u00f6ng\u00f6rd\u00fc\u011f\u00fc ko\u015fullara uygun olarak feshi,i\u015fverenin ,i\u015f s\u00f6zle\u015femesini 4857 Say\u0131l\u0131 Kanun&#8217;un 17.maddesine g\u00f6re \u00f6nelli olarak feshi,i\u015fverenin i\u015f s\u00f6zle\u015femsini 4857 Say\u0131l\u0131 Kanun&#8217;un 25\/I,III,IV gere\u011fince bildirimsiz olarak derhal feshetmesi,i\u015fverence i\u015f aktinin 4857 Say\u0131l\u0131 Kanun&#8217;un 18.maddesi uyar\u0131nca ge\u00e7erli nedenle feshi.<\/p>\n<p><strong>K\u0131dem Tazminat\u0131n\u0131n Miktar\u0131<\/strong> : K\u0131dem tazminat\u0131n\u0131n hesab\u0131nda son giydirilmi\u015f br\u00fct \u00fccret esas dikkate al\u0131n\u0131r.Her bir tam y\u0131l i\u00e7in i\u015f\u00e7iye 30 g\u00fcnl\u00fck giydirilmi\u015f br\u00fct \u00fccreti tutar\u0131nda \u00f6deme yap\u0131l\u0131r. K\u0131dem tazminat\u0131nda tavan DMK&#8217;daki\u00a0 en y\u00fcksek devlet memuruna bir hizmet y\u0131l\u0131 i\u00e7in \u00f6denen en y\u00fcksek emekli ikramiyesi tutar\u0131d\u0131r.<\/p>\n<p><strong>K\u0131dem Tazminat\u0131nda Faiz :<\/strong> En y\u00fcksek banka mevduat faizi olup fesih tarihinden itibaren i\u015flemeye ba\u015flar.<\/p>\n<p><strong>K\u0131dem Tazminat\u0131nda Zamana\u015f\u0131m\u0131 :<\/strong> 10 y\u0131l olup,i\u015f aktinin feshinden itibaren i\u015flemeye ba\u015flar.<\/p>\n<ul>\n<li>\u0130hbar Tazminat\u0131 : Yarg\u0131tay&#8217;a g\u00f6re belirsiz s\u00fcreli i\u015f s\u00f6zle\u015fmesini,hakl\u0131 bir neden olmaks\u0131z\u0131n ve usul\u00fcne uygun ihbar \u00f6neli tan\u0131madan fesheden taraf\u0131n,kar\u015f\u0131 tarafa \u00f6demesi gereken bir\u00a0 tazminatt\u0131r.\u0130\u015f s\u00f6zle\u015fmesini kendisi fesheden\u00a0 taraf ,di\u011fer taraftan ihbar tazminat\u0131 talep edemez.Deneme s\u00fcresi i\u00e7inde s\u00f6zle\u015fmenin feshi halinde ihbar tazminat\u0131 talep edilemez.\u0130hbar tazminat\u0131 son giydirilmi\u015f br\u00fct \u00fccret \u00fczerinden hesaplan\u0131r.\u0130hbar tazminat\u0131nda faiz yasal faiz olup temerr\u00fct tarihinden itibaren i\u015flemeye ba\u015flar.\u0130hbar tazminat\u0131nda zamana\u015f\u0131m\u0131 10 y\u0131l olup i\u015f aktinin feshinden itibaren i\u015flemeye ba\u015flar.<\/li>\n<li>K\u00f6t\u00fcniyet Tazminat\u0131\u00a0 :\u0130\u015f g\u00fcvencesi kapsam\u0131 d\u0131\u015f\u0131ndaki i\u015f\u00e7inin belirsiz s\u00fcreli\u00a0 i\u015f aktinin,i\u015fverence \u00f6nelli olarak ve fakat k\u00f6t\u00fcniyetli bir \u015fekilde d\u00fcr\u00fcstl\u00fck ilkesine ayk\u0131r\u0131 bi\u00e7imde feshi halinde i\u015f\u00e7iye \u00f6denmesi gereken tazminatt\u0131r.Yarg\u0131tay&#8217;a g\u00f6re s\u0131rf hamilelik dolay\u0131s\u0131yla fesih,i\u015f\u00e7inin i\u015fvereni adli mercilere \u015fikayet etmesi,i\u015fverene kar\u015f\u0131 dava a\u00e7mas\u0131,b\u00f6lge \u00e7al\u0131\u015fma m\u00fcd\u00fcrl\u00fc\u011f\u00fcne \u015fikayet etmesi nedenleriyle fesih,bir \u00e7ok i\u015f\u00e7inin i\u015ften \u00e7\u0131kar\u0131lmas\u0131ndan sonra bunlar\u0131n yerine yeni i\u015f\u00e7i al\u0131nmas\u0131 halindeki fesih,i\u015fverenini hukuka ayk\u0131r\u0131 bir talebinin i\u015f\u00e7i taraf\u0131ndan reddi halinde i\u015fverence yap\u0131lan fesih,ihbar s\u00fcrelerine ait d\u00f6nemdeki haklardan i\u015f\u00e7iyi yararland\u0131rmamak i\u00e7in yap\u0131lan fesih hallerinde k\u00f6t\u00fcniyet tazminat\u0131 talep edilebilir.K\u00f6t\u00fcniyet tazminat\u0131 \u0130\u015f\u00e7inin son giydirilmi\u015f br\u00fct \u00fccreti \u00fczerinden hesaplan\u0131r.K\u00f6t\u00fcniyet tazminat\u0131nda faiz temerr\u00fct tarihinden itibaren i\u015flemeye ba\u015flar.<\/li>\n<li>Fazla \u00c7al\u0131\u015fma \u00fccreti<\/li>\n<li>Genel Tatil \u00dccreti<\/li>\n<li>Hafta Tatili \u00dccreti<\/li>\n<li>Mobbing<\/li>\n<li>\u0130kramiye Alaca\u011f\u0131<\/li>\n<li>A\u011f\u0131r Ve Tehlikeli \u0130\u015fler<\/li>\n<li>K\u00f6t\u00fc Niyet Tazminat\u0131<\/li>\n<li>\u0130\u015f Arama \u0130zni<\/li>\n<li>Rekabet Yasa\u011f\u0131<\/li>\n<li>As\u0131l \u0130\u015f Veren-Alt \u0130\u015f Veren(Ta\u015feron)<\/li>\n<li>\u0130\u015f Yerinin Veya Bir B\u00f6l\u00fcm\u00fcn\u00fcn Devri<\/li>\n<li>\u0130lave Tediye Hakk\u0131<\/li>\n<li>E\u015fit Davranma \u0130lkesinden Kaynakl\u0131 Davalar<\/li>\n<li>Ge\u00e7ici \u0130\u015f \u0130li\u015fkisi<\/li>\n<li>Belirli S\u00fcreli \u0130\u015f Akdi<\/li>\n<li>Mevsimlik \u00c7al\u0131\u015fma<\/li>\n<li>Deneme S\u00fcreli \u00c7al\u0131\u015fma<\/li>\n<li>Haks\u0131z Fesih<\/li>\n<li>Ge\u00e7ersiz Fesih<\/li>\n<li>\u0130\u015f\u00e7inin G\u00f6revinin De\u011fi\u015ftirilmesi<\/li>\n<li>\u0130\u015f\u00e7inin G\u00f6rev Yerinin De\u011fi\u015ftirilmesi<\/li>\n<li>\u0130\u015f\u00e7inin Sa\u011fl\u0131k Nedenleriyle \u0130\u015f Akdini Tek Tarafl\u0131 Olarak Feshi<\/li>\n<li>\u00dccretin G\u00fcn\u00fcnde \u00d6denmemesi<\/li>\n<li>Asgari Ge\u00e7im \u0130ndirimi<\/li>\n<li>Y\u00fczde Usul\u00fc \u0130le \u00dccret<\/li>\n<li>Y\u0131ll\u0131k \u00dccretli \u0130zin Hakk\u0131<\/li>\n<li>Telafi \u00c7al\u0131\u015fmas\u0131<\/li>\n<li>K\u0131sa \u00c7al\u0131\u015fma<\/li>\n<li>Gece \u00c7al\u0131\u015fmas\u0131<\/li>\n<li>Do\u011fum ve S\u00fct \u0130zni<\/li>\n<li>\u0130\u015f Sa\u011fl\u0131\u011f\u0131 ve G\u00fcvenli\u011fi<\/li>\n<li>Konut Kap\u0131c\u0131lar\u0131n\u0131n Haklar\u0131<\/li>\n<li>\u0130\u015fe \u0130ade Davalar\u0131<\/li>\n<li>Bo\u015fta Ge\u00e7en S\u00fcre \u00dccreti<\/li>\n<li>\u0130\u015fe Ba\u015flatmama Tazminat\u0131<\/li>\n<\/ul>\n","protected":false},"excerpt":{"rendered":"<p>K\u0131dem Tazminat\u0131 : \u0130\u015f s\u00f6zle\u015fmesi,\u00a0 1475 Say\u0131l\u0131 \u0130\u015f Kanunu&#8217;nun 14.Maddesi&#8217;nde belirtilen ko\u015ful ve sebeplerle sona eren i\u015f\u00e7iye ya da onun vefat\u0131 durumunda miras\u00e7\u0131lar\u0131na yap\u0131lmas\u0131 gereken \u00f6demedir.<span class=\"excerpt-hellip\"> [\u2026]<\/span><\/p>\n","protected":false},"author":1,"featured_media":0,"parent":202,"menu_order":0,"comment_status":"closed","ping_status":"closed","template":"","meta":{"_joinchat":[],"footnotes":""},"class_list":["post-336","page","type-page","status-publish","hentry"],"_links":{"self":[{"href":"https:\/\/tuncayilcim.av.tr\/v5\/wp-json\/wp\/v2\/pages\/336","targetHints":{"allow":["GET"]}}],"collection":[{"href":"https:\/\/tuncayilcim.av.tr\/v5\/wp-json\/wp\/v2\/pages"}],"about":[{"href":"https:\/\/tuncayilcim.av.tr\/v5\/wp-json\/wp\/v2\/types\/page"}],"author":[{"embeddable":true,"href":"https:\/\/tuncayilcim.av.tr\/v5\/wp-json\/wp\/v2\/users\/1"}],"replies":[{"embeddable":true,"href":"https:\/\/tuncayilcim.av.tr\/v5\/wp-json\/wp\/v2\/comments?post=336"}],"version-history":[{"count":0,"href":"https:\/\/tuncayilcim.av.tr\/v5\/wp-json\/wp\/v2\/pages\/336\/revisions"}],"up":[{"embeddable":true,"href":"https:\/\/tuncayilcim.av.tr\/v5\/wp-json\/wp\/v2\/pages\/202"}],"wp:attachment":[{"href":"https:\/\/tuncayilcim.av.tr\/v5\/wp-json\/wp\/v2\/media?parent=336"}],"curies":[{"name":"wp","href":"https:\/\/api.w.org\/{rel}","templated":true}]}}