{"id":332,"date":"2015-11-06T16:37:27","date_gmt":"2015-11-06T14:37:27","guid":{"rendered":"https:\/\/tuncayilcim.av.tr\/v5\/?page_id=332"},"modified":"2015-11-06T16:37:27","modified_gmt":"2015-11-06T14:37:27","slug":"ticaret-hukuku","status":"publish","type":"page","link":"https:\/\/tuncayilcim.av.tr\/v5\/hizmetlerimiz\/ticaret-hukuku\/","title":{"rendered":"Ticaret Hukuku"},"content":{"rendered":"<div id=\"the-content\">\n<ul>\n<li>Yerli ve yabanc\u0131 sermayeli \u015firketlerin kurulu\u015fu (anonim \u015firket, limited \u015firket)<\/li>\n<li>\u0130rtibat b\u00fcrolar\u0131 ve \u015fubelerin kurulu\u015fu<\/li>\n<li>\u015eirketlerin genel kurul i\u015flemleri<\/li>\n<li>Haks\u0131z rekabet<\/li>\n<li>T\u00fcketicin korunmas\u0131<\/li>\n<li>S\u0131n\u0131r \u00f6tesi birle\u015fmeler, devralmalar<\/li>\n<li>Sermaye art\u0131r\u0131mlar\u0131 ve azalt\u0131lmas\u0131 i\u015flemleri<\/li>\n<li>Hisse senetleri ve tahvilleri ile ilgili i\u015flemler<\/li>\n<li>Aktiflerin y\u00f6netiminin d\u00fczenlenmesi<\/li>\n<li>\u015eirketlerin al\u0131m ve sat\u0131m\u0131<\/li>\n<li>Ticari anla\u015fmalar ve s\u00f6zle\u015fmeler<\/li>\n<li>Ticari anla\u015fmalar\u0131n m\u00fczakere ve taslak a\u015famalar\u0131nda dan\u0131\u015fmanl\u0131k<\/li>\n<li>Ortakl\u0131k anla\u015fmalar\u0131<\/li>\n<li>Uluslararas\u0131 distrib\u00fct\u00f6rl\u00fck anla\u015fmalar\u0131<\/li>\n<li>\u0130mtiyaz , bayilik, acentelik s\u00f6zle\u015fmeleri<\/li>\n<li>Kredi anla\u015fmalar\u0131<\/li>\n<li>Y\u00f6netim, dan\u0131\u015fmanl\u0131k ve hizmet s\u00f6zle\u015fmeleri<\/li>\n<li>K\u0131ymetli evrak, \u00e7ek, senet alacaklar\u0131n\u0131n icra yoluyla tahsili.<\/li>\n<\/ul>\n<\/div>\n","protected":false},"excerpt":{"rendered":"<p>Yerli ve yabanc\u0131 sermayeli \u015firketlerin kurulu\u015fu (anonim \u015firket, limited \u015firket) \u0130rtibat b\u00fcrolar\u0131 ve \u015fubelerin kurulu\u015fu \u015eirketlerin genel kurul i\u015flemleri Haks\u0131z rekabet T\u00fcketicin korunmas\u0131 S\u0131n\u0131r \u00f6tesi birle\u015fmeler,<span class=\"excerpt-hellip\"> [\u2026]<\/span><\/p>\n","protected":false},"author":1,"featured_media":0,"parent":202,"menu_order":0,"comment_status":"closed","ping_status":"closed","template":"","meta":{"_joinchat":[],"footnotes":""},"class_list":["post-332","page","type-page","status-publish","hentry"],"_links":{"self":[{"href":"https:\/\/tuncayilcim.av.tr\/v5\/wp-json\/wp\/v2\/pages\/332","targetHints":{"allow":["GET"]}}],"collection":[{"href":"https:\/\/tuncayilcim.av.tr\/v5\/wp-json\/wp\/v2\/pages"}],"about":[{"href":"https:\/\/tuncayilcim.av.tr\/v5\/wp-json\/wp\/v2\/types\/page"}],"author":[{"embeddable":true,"href":"https:\/\/tuncayilcim.av.tr\/v5\/wp-json\/wp\/v2\/users\/1"}],"replies":[{"embeddable":true,"href":"https:\/\/tuncayilcim.av.tr\/v5\/wp-json\/wp\/v2\/comments?post=332"}],"version-history":[{"count":0,"href":"https:\/\/tuncayilcim.av.tr\/v5\/wp-json\/wp\/v2\/pages\/332\/revisions"}],"up":[{"embeddable":true,"href":"https:\/\/tuncayilcim.av.tr\/v5\/wp-json\/wp\/v2\/pages\/202"}],"wp:attachment":[{"href":"https:\/\/tuncayilcim.av.tr\/v5\/wp-json\/wp\/v2\/media?parent=332"}],"curies":[{"name":"wp","href":"https:\/\/api.w.org\/{rel}","templated":true}]}}