{"id":329,"date":"2015-11-06T16:33:43","date_gmt":"2015-11-06T14:33:43","guid":{"rendered":"https:\/\/tuncayilcim.av.tr\/v5\/?page_id=329"},"modified":"2015-12-24T17:47:05","modified_gmt":"2015-12-24T15:47:05","slug":"aile-hukuku","status":"publish","type":"page","link":"https:\/\/tuncayilcim.av.tr\/v5\/hizmetlerimiz\/aile-hukuku\/","title":{"rendered":"Aile Hukuku"},"content":{"rendered":"<ul>\n<li>ki\u015filik haklar\u0131na sald\u0131r\u0131ya kar\u015f\u0131 koruma<\/li>\n<li>ad\u0131n korunmas\u0131, ad\u0131n de\u011fi\u015ftirilmesi<\/li>\n<li>n\u00fcfus sicilinde de\u011fi\u015fiklikler<\/li>\n<li>evlenme<\/li>\n<li>bo\u015fanmada tazminat ve nafaka<\/li>\n<li>aile i\u00e7i \u015fiddet<\/li>\n<li>m\u00fc\u015fterek evden uzakla\u015ft\u0131rma tedbiri<\/li>\n<li>eve veya i\u015f yerlerine yakla\u015fmama tedbiri<\/li>\n<li>ileti\u015fim vas\u0131talar\u0131yla rahats\u0131z etmeme tedbiri<\/li>\n<li>e\u015fler aras\u0131nda mal rejimleri<\/li>\n<li>soyba\u011f\u0131n\u0131n kurulmas\u0131<\/li>\n<li>babal\u0131k davas\u0131<\/li>\n<li>evlat edinme<\/li>\n<li>\u00e7ocuk mallar\u0131n\u0131n y\u00f6netimi<\/li>\n<li>miras<\/li>\n<li>terekenin y\u00f6netilmesi<\/li>\n<li>miras\u0131n payla\u015f\u0131lmas\u0131<\/li>\n<\/ul>\n","protected":false},"excerpt":{"rendered":"<p>ki\u015filik haklar\u0131na sald\u0131r\u0131ya kar\u015f\u0131 koruma ad\u0131n korunmas\u0131, ad\u0131n de\u011fi\u015ftirilmesi n\u00fcfus sicilinde de\u011fi\u015fiklikler evlenme bo\u015fanmada tazminat ve nafaka aile i\u00e7i \u015fiddet m\u00fc\u015fterek evden uzakla\u015ft\u0131rma tedbiri eve veya<span class=\"excerpt-hellip\"> [\u2026]<\/span><\/p>\n","protected":false},"author":1,"featured_media":0,"parent":202,"menu_order":0,"comment_status":"closed","ping_status":"closed","template":"","meta":{"_joinchat":[],"footnotes":""},"class_list":["post-329","page","type-page","status-publish","hentry"],"_links":{"self":[{"href":"https:\/\/tuncayilcim.av.tr\/v5\/wp-json\/wp\/v2\/pages\/329","targetHints":{"allow":["GET"]}}],"collection":[{"href":"https:\/\/tuncayilcim.av.tr\/v5\/wp-json\/wp\/v2\/pages"}],"about":[{"href":"https:\/\/tuncayilcim.av.tr\/v5\/wp-json\/wp\/v2\/types\/page"}],"author":[{"embeddable":true,"href":"https:\/\/tuncayilcim.av.tr\/v5\/wp-json\/wp\/v2\/users\/1"}],"replies":[{"embeddable":true,"href":"https:\/\/tuncayilcim.av.tr\/v5\/wp-json\/wp\/v2\/comments?post=329"}],"version-history":[{"count":0,"href":"https:\/\/tuncayilcim.av.tr\/v5\/wp-json\/wp\/v2\/pages\/329\/revisions"}],"up":[{"embeddable":true,"href":"https:\/\/tuncayilcim.av.tr\/v5\/wp-json\/wp\/v2\/pages\/202"}],"wp:attachment":[{"href":"https:\/\/tuncayilcim.av.tr\/v5\/wp-json\/wp\/v2\/media?parent=329"}],"curies":[{"name":"wp","href":"https:\/\/api.w.org\/{rel}","templated":true}]}}