{"id":326,"date":"2015-11-06T16:30:21","date_gmt":"2015-11-06T14:30:21","guid":{"rendered":"https:\/\/tuncayilcim.av.tr\/v5\/?page_id=326"},"modified":"2015-11-07T21:52:07","modified_gmt":"2015-11-07T19:52:07","slug":"prensiplerimiz","status":"publish","type":"page","link":"https:\/\/tuncayilcim.av.tr\/v5\/kurumsal\/prensiplerimiz\/","title":{"rendered":"Prensiplerimiz"},"content":{"rendered":"<div id=\"the-content\">\n<p style=\"text-align: center;\">* Kurumsal ba\u015far\u0131<br \/>\n* Meselelere b\u00fct\u00fcnc\u00fcl bak\u0131\u015f<br \/>\n* De\u011fi\u015fim ve geli\u015fim<br \/>\n* Ara\u015ft\u0131rma Odakl\u0131l\u0131k<br \/>\n* \u00c7evreyle Etkile\u015fim<br \/>\n* M\u00fc\u015fteri Odakl\u0131l\u0131k<br \/>\n* K\u00fcresel Tecr\u00fcbe<\/p>\n<\/div>\n","protected":false},"excerpt":{"rendered":"<p>* Kurumsal ba\u015far\u0131 * Meselelere b\u00fct\u00fcnc\u00fcl bak\u0131\u015f * De\u011fi\u015fim ve geli\u015fim * Ara\u015ft\u0131rma Odakl\u0131l\u0131k * \u00c7evreyle Etkile\u015fim * M\u00fc\u015fteri Odakl\u0131l\u0131k * K\u00fcresel Tecr\u00fcbe<\/p>\n","protected":false},"author":1,"featured_media":0,"parent":208,"menu_order":0,"comment_status":"closed","ping_status":"closed","template":"","meta":{"_joinchat":[],"footnotes":""},"class_list":["post-326","page","type-page","status-publish","hentry"],"_links":{"self":[{"href":"https:\/\/tuncayilcim.av.tr\/v5\/wp-json\/wp\/v2\/pages\/326","targetHints":{"allow":["GET"]}}],"collection":[{"href":"https:\/\/tuncayilcim.av.tr\/v5\/wp-json\/wp\/v2\/pages"}],"about":[{"href":"https:\/\/tuncayilcim.av.tr\/v5\/wp-json\/wp\/v2\/types\/page"}],"author":[{"embeddable":true,"href":"https:\/\/tuncayilcim.av.tr\/v5\/wp-json\/wp\/v2\/users\/1"}],"replies":[{"embeddable":true,"href":"https:\/\/tuncayilcim.av.tr\/v5\/wp-json\/wp\/v2\/comments?post=326"}],"version-history":[{"count":0,"href":"https:\/\/tuncayilcim.av.tr\/v5\/wp-json\/wp\/v2\/pages\/326\/revisions"}],"up":[{"embeddable":true,"href":"https:\/\/tuncayilcim.av.tr\/v5\/wp-json\/wp\/v2\/pages\/208"}],"wp:attachment":[{"href":"https:\/\/tuncayilcim.av.tr\/v5\/wp-json\/wp\/v2\/media?parent=326"}],"curies":[{"name":"wp","href":"https:\/\/api.w.org\/{rel}","templated":true}]}}