{"id":323,"date":"2015-11-06T16:26:55","date_gmt":"2015-11-06T14:26:55","guid":{"rendered":"https:\/\/tuncayilcim.av.tr\/v5\/?page_id=323"},"modified":"2015-11-06T16:26:55","modified_gmt":"2015-11-06T14:26:55","slug":"kalite-politikamiz","status":"publish","type":"page","link":"https:\/\/tuncayilcim.av.tr\/v5\/kurumsal\/kalite-politikamiz\/","title":{"rendered":"Kalite Politikam\u0131z"},"content":{"rendered":"<p style=\"text-align: center;\">M\u00fcvekkil ihtiya\u00e7 ve beklentilerini do\u011fru tespit\u00a0ederek m\u00fcvekkil memnuniyetini en \u00fcst d\u00fczeyde sa\u011flamakt\u0131r.<\/p>\n","protected":false},"excerpt":{"rendered":"<p>M\u00fcvekkil ihtiya\u00e7 ve beklentilerini do\u011fru tespit\u00a0ederek m\u00fcvekkil memnuniyetini en \u00fcst d\u00fczeyde sa\u011flamakt\u0131r.<\/p>\n","protected":false},"author":1,"featured_media":0,"parent":208,"menu_order":0,"comment_status":"closed","ping_status":"closed","template":"","meta":{"_joinchat":[],"footnotes":""},"class_list":["post-323","page","type-page","status-publish","hentry"],"_links":{"self":[{"href":"https:\/\/tuncayilcim.av.tr\/v5\/wp-json\/wp\/v2\/pages\/323","targetHints":{"allow":["GET"]}}],"collection":[{"href":"https:\/\/tuncayilcim.av.tr\/v5\/wp-json\/wp\/v2\/pages"}],"about":[{"href":"https:\/\/tuncayilcim.av.tr\/v5\/wp-json\/wp\/v2\/types\/page"}],"author":[{"embeddable":true,"href":"https:\/\/tuncayilcim.av.tr\/v5\/wp-json\/wp\/v2\/users\/1"}],"replies":[{"embeddable":true,"href":"https:\/\/tuncayilcim.av.tr\/v5\/wp-json\/wp\/v2\/comments?post=323"}],"version-history":[{"count":0,"href":"https:\/\/tuncayilcim.av.tr\/v5\/wp-json\/wp\/v2\/pages\/323\/revisions"}],"up":[{"embeddable":true,"href":"https:\/\/tuncayilcim.av.tr\/v5\/wp-json\/wp\/v2\/pages\/208"}],"wp:attachment":[{"href":"https:\/\/tuncayilcim.av.tr\/v5\/wp-json\/wp\/v2\/media?parent=323"}],"curies":[{"name":"wp","href":"https:\/\/api.w.org\/{rel}","templated":true}]}}