{"id":245,"date":"2015-11-03T16:16:01","date_gmt":"2015-11-03T14:16:01","guid":{"rendered":"https:\/\/tuncayilcim.av.tr\/v5\/?page_id=245"},"modified":"2015-11-03T16:16:01","modified_gmt":"2015-11-03T14:16:01","slug":"sirketler-hukuku","status":"publish","type":"page","link":"https:\/\/tuncayilcim.av.tr\/v5\/hizmetlerimiz\/sirketler-hukuku\/","title":{"rendered":"\u015eirketler Hukuku"},"content":{"rendered":"<p style=\"text-align: justify;\"><img loading=\"lazy\" decoding=\"async\" class=\"size-full wp-image-246 alignleft\" src=\"https:\/\/tuncayilcim.av.tr\/v5\/wp-content\/uploads\/sirket1.png\" alt=\"sirket1\" width=\"500\" height=\"319\" srcset=\"https:\/\/tuncayilcim.av.tr\/v5\/wp-content\/uploads\/sirket1.png 500w, https:\/\/tuncayilcim.av.tr\/v5\/wp-content\/uploads\/sirket1-229x146.png 229w, https:\/\/tuncayilcim.av.tr\/v5\/wp-content\/uploads\/sirket1-50x32.png 50w, https:\/\/tuncayilcim.av.tr\/v5\/wp-content\/uploads\/sirket1-118x75.png 118w\" sizes=\"auto, (max-width:767px) 480px, 500px\" \/>S\u00d6ZLE\u015eME \u0130MZALAYAN \u015e\u0130RKET YETK\u0130L\u0130LER\u0130NE UYGULAMA TAVS\u0130YELER\u0130<\/p>\n<p style=\"text-align: justify;\">S\u00f6zle\u015fme kavram\u0131n\u0131n ve s\u00f6zle\u015fmeler hukukunun \u00f6nemi her ge\u00e7en g\u00fcn daha fazla artan bir konu olarak kar\u015f\u0131m\u0131za \u00e7\u0131kmaktad\u0131r. Zira s\u00f6z\u00fcn senet olarak kabul edildi\u011fi d\u00f6nemlerin ac\u0131 tecr\u00fcbeleri de yaz\u0131l\u0131 s\u00f6zle\u015fmelerin gereklili\u011fi konusunda herkesi hem fikir hale getirmi\u015ftir. \u015eirketlerin faaliyetlerini hukuken sa\u011fl\u0131kl\u0131 ve risksiz ger\u00e7ekle\u015ftirmesine katk\u0131da bulunmak amac\u0131yla da bir \u015firket yetkilisinin s\u00f6zle\u015fme imzalarken nelere dikkat etmesi gerekti\u011fi ve s\u00f6zle\u015fme konusunda dan\u0131\u015fmanl\u0131k alman\u0131n \u00f6nemini vurgulama gere\u011fini duymaktay\u0131z.<\/p>\n<p style=\"text-align: justify;\">6098 say\u0131l\u0131 T\u00fcrk Bor\u00e7lar Kanunu\u2019nun 1. Maddesi uyar\u0131nca taraflar\u0131n kar\u015f\u0131l\u0131kl\u0131 ve birbirine uygun olarak a\u00e7\u0131klamalar\u0131yla olu\u015fan hukuki muamele olarak tan\u0131mlanan s\u00f6zle\u015fmeyi imzalarken \u015firket yetkilisinin dikkat etmesi gereken hususlar\u0131 k\u0131sa ve \u00f6z bir bi\u00e7imde \u015fu \u015fekilde s\u0131ralamak gerekir;<\/p>\n<p style=\"text-align: justify;\"><strong>\u015eirketler Hukuku S\u00f6zle\u015fmede \u0130mza<\/strong><\/p>\n<p style=\"text-align: justify;\">\u00d6ncelikle bir \u015firket yetkilisi olarak s\u00f6zle\u015fme imzal\u0131yorsan\u0131z s\u00f6zle\u015fmenin di\u011fer taraf\u0131n\u0131n da \u015firket oldu\u011fu s\u00f6zle\u015fmelerde s\u00f6zle\u015fmeyi imzalayan ki\u015finin imza yetkisine dikkat etmeniz gerekmektedir. Bu ba\u011flamda her iki taraf a\u00e7\u0131s\u0131ndan hukuki g\u00fcvenli\u011fin sa\u011flanmas\u0131 i\u00e7in s\u00f6zle\u015fmesinin ekine imza sirk\u00fclerini ve ticaret sicil gazetesi suretlerini eklemesi yerinde olacakt\u0131r. Bir \u015firket s\u00f6zle\u015fme imzal\u0131yorsa mutlaka imza yetkilisinin imzas\u0131n\u0131n yan\u0131 s\u0131ra \u015firket yetkilisinin ka\u015fesinin de s\u00f6zle\u015fmede bulunmas\u0131na \u00f6zen g\u00f6sterilmelidir. Kald\u0131 ki 6098 T\u00fcrk Bor\u00e7lar Kanunu\u2019nun 14. Maddesi \u201cYaz\u0131l\u0131 \u015fekilde yap\u0131lmas\u0131 \u00f6ng\u00f6r\u00fclen s\u00f6zle\u015fmelerde bor\u00e7 alt\u0131na girenlerin imzalar\u0131n\u0131n bulunmas\u0131 zorunludur.\u201d H\u00fckm\u00fcn\u00fc caridir.<\/p>\n<p style=\"text-align: justify;\"><strong>\u015eirketler hukuku S\u00f6zle\u015fmede \u015eekil<\/strong><\/p>\n<p style=\"text-align: justify;\">6098 say\u0131l\u0131 T\u00fcrk Bor\u00e7lar Kanunu\u2019nun \u201cS\u00f6zle\u015fmelerin \u015eekli\u201d ba\u015fl\u0131kl\u0131 12. Maddesi \u015fekil hususunda genel kurala \u201cS\u00f6zle\u015fmelerin ge\u00e7erlili\u011fi, kanunda aksi \u00f6ng\u00f6r\u00fclmedik\u00e7e, hi\u00e7bir \u015fekle ba\u011fl\u0131 de\u011fildir.\u201d ifadesi ile yer vermektedir. Bu h\u00fck\u00fcmden hareketle bir s\u00f6zle\u015fme i\u00e7in kanun a\u00e7\u0131k bir \u015fekil \u015fart\u0131 \u00f6ng\u00f6rmediyse (\u00f6rne\u011fin ara\u00e7 sat\u0131m s\u00f6zle\u015fmesinin noterde yap\u0131lmas\u0131 zorunludur.) noter gibi resmi bir makam \u00f6n\u00fcnde yap\u0131lmas\u0131 zorunlu de\u011fildir. Sadece ispat kolayl\u0131\u011f\u0131 sa\u011flayacakt\u0131r.<\/p>\n<p style=\"text-align: justify;\"><strong>\u015eirketler Hukuku S\u00f6zle\u015fme \u0130\u00e7eri\u011fi<\/strong><\/p>\n<p style=\"text-align: justify;\">\u00d6nce i\u015fi yap\u0131p ard\u0131ndan sorun \u00e7\u0131karsa sorunu \u00e7\u00f6zmek i\u00e7in \u00e7aba sarf etmek yerine s\u00f6zle\u015fme yaparken t\u00fcm bu hususlara dikkat etmek, standart s\u00f6zle\u015fmeler kullanmak yerine konuya y\u00f6nelik spesifik s\u00f6zle\u015fmeleri tanzim etmek ve en \u00f6nemlisi dan\u0131\u015fmanl\u0131k hizmeti almak gerekti\u011fi a\u015fikard\u0131r. Dan\u0131\u015fmanl\u0131k hizmeti al\u0131nmamas\u0131ndan kaynaklanan s\u0131k\u0131nt\u0131lar hukuki riski artt\u0131rmakla birlikte; s\u00f6zle\u015fmenin detayland\u0131r\u0131lmamas\u0131, konuya uygun olmamas\u0131, \u00e7\u0131kacak ihtilaflar\u0131n \u00f6nceden \u00f6ng\u00f6r\u00fclmemesi, yani hukuki analiz yap\u0131lmamas\u0131 hem maddi hem ticari kay\u0131plara sebebiyet verecektir. Bu ba\u011flamda s\u00f6zle\u015fmeyi imzalamadan hukuki denetim i\u00e7in \u015firketinizin hukuk dan\u0131\u015fman\u0131na mutlaka inceletmenin gereklili\u011fine \u015fiddetle vurgu yap\u0131yoruz. B\u00fcromuzda s\u00f6zle\u015fme hukuku alan\u0131nda uzmanla\u015fm\u0131\u015f, s\u00f6zle\u015fme avukat\u0131 olarak g\u00f6rev yapan, ticari s\u00f6zle\u015fmeler \u00fczerinde devaml\u0131 incelemeler ve ara\u015ft\u0131rmalar ger\u00e7ekle\u015ftiren uzman avukatlar\u0131m\u0131z, s\u00f6zle\u015fme avukat\u0131 olarak \u0130stanbul ba\u015fta olmak \u00fczere T\u00fcrkiye genelinde ve uluslararas\u0131 alanda da hizmet vermekte ve ileri seviyede \u0130ngilizce seviyesine sahip avukatlar\u0131 arac\u0131l\u0131\u011f\u0131yla yabanc\u0131 \u015firketler ba\u015fta olmak \u00fczere yabanc\u0131 m\u00fcvekkillere hizmet vermektedir. \u00d6zellikle, iyi bir anonim \u015firketin iyi bir anonim \u015firketi avukat\u0131 veyahut iyi bir limited \u015firketin iyi bir limited \u015firketi avukat\u0131 ihtiya\u00e7lar\u0131 ba\u015fta gelmekte daha sonra ortaya \u00e7\u0131kan zararlar\u0131n veya kaybedilen davalar\u0131n sebepleri olarak hukuksal altyap\u0131 eksikli\u011fi ba\u015f g\u00f6stermektedir. \u015eirketler Hukuku alan\u0131nda deneyimli avukatlar b\u00fcnyesinde bar\u0131nd\u0131ran b\u00fcromuz, \u015firketlerin ihtiya\u00e7 duydu\u011fu hemen hemen her konuya, do\u011fru ve h\u0131zl\u0131 bir \u015fekilde yan\u0131t vermekte, en etkili, en pratik \u00e7\u00f6z\u00fcmleri bulmakta ve yol g\u00f6sterici olarak \u015firketin emin ad\u0131mlarla yoluna devam etmesine ve ilerlemesine \u00f6nemli bir katk\u0131 sa\u011flamaktad\u0131rlar. G\u00fcn\u00fcm\u00fczde \u00e7o\u011fu \u015firket kendi b\u00fcnyesinde \u015firket avukat\u0131 bulundurmaktad\u0131r. Fakat \u0130ngiltere\u2019de ba\u015flayan ve d\u00fcnyaya yay\u0131lan i\u015fkolunda ayr\u0131\u015fma ve uzmanla\u015fma ilkesi \u00fclkemizi de bir hayli etkilemi\u015f ve \u015firketlerin bu konuda duydu\u011fu ihtiya\u00e7 g\u00fcn y\u00fcz\u00fcne \u00e7\u0131km\u0131\u015ft\u0131r. Bu sebeple bu konuda uzmanla\u015fm\u0131\u015f, \u015firketler hukuku alan\u0131nda deneyimli, b\u00fcnyesinde bir\u00e7ok ba\u015far\u0131l\u0131 \u015firketler avukat\u0131 bulunduran bir hukuk b\u00fcrosundan destek almakta b\u00fcy\u00fck bir fayda g\u00f6r\u00fclecektir.<\/p>\n","protected":false},"excerpt":{"rendered":"<p>S\u00d6ZLE\u015eME \u0130MZALAYAN \u015e\u0130RKET YETK\u0130L\u0130LER\u0130NE UYGULAMA TAVS\u0130YELER\u0130 S\u00f6zle\u015fme kavram\u0131n\u0131n ve s\u00f6zle\u015fmeler hukukunun \u00f6nemi her ge\u00e7en g\u00fcn daha fazla artan bir konu olarak kar\u015f\u0131m\u0131za \u00e7\u0131kmaktad\u0131r. Zira s\u00f6z\u00fcn senet<span class=\"excerpt-hellip\"> [\u2026]<\/span><\/p>\n","protected":false},"author":1,"featured_media":0,"parent":202,"menu_order":0,"comment_status":"closed","ping_status":"closed","template":"","meta":{"_joinchat":[],"footnotes":""},"class_list":["post-245","page","type-page","status-publish","hentry"],"_links":{"self":[{"href":"https:\/\/tuncayilcim.av.tr\/v5\/wp-json\/wp\/v2\/pages\/245","targetHints":{"allow":["GET"]}}],"collection":[{"href":"https:\/\/tuncayilcim.av.tr\/v5\/wp-json\/wp\/v2\/pages"}],"about":[{"href":"https:\/\/tuncayilcim.av.tr\/v5\/wp-json\/wp\/v2\/types\/page"}],"author":[{"embeddable":true,"href":"https:\/\/tuncayilcim.av.tr\/v5\/wp-json\/wp\/v2\/users\/1"}],"replies":[{"embeddable":true,"href":"https:\/\/tuncayilcim.av.tr\/v5\/wp-json\/wp\/v2\/comments?post=245"}],"version-history":[{"count":0,"href":"https:\/\/tuncayilcim.av.tr\/v5\/wp-json\/wp\/v2\/pages\/245\/revisions"}],"up":[{"embeddable":true,"href":"https:\/\/tuncayilcim.av.tr\/v5\/wp-json\/wp\/v2\/pages\/202"}],"wp:attachment":[{"href":"https:\/\/tuncayilcim.av.tr\/v5\/wp-json\/wp\/v2\/media?parent=245"}],"curies":[{"name":"wp","href":"https:\/\/api.w.org\/{rel}","templated":true}]}}