{"id":230,"date":"2015-11-03T15:51:33","date_gmt":"2015-11-03T13:51:33","guid":{"rendered":"https:\/\/tuncayilcim.av.tr\/v5\/?page_id=230"},"modified":"2015-11-03T15:51:33","modified_gmt":"2015-11-03T13:51:33","slug":"bilisim-ve-internet-hukuku","status":"publish","type":"page","link":"https:\/\/tuncayilcim.av.tr\/v5\/hizmetlerimiz\/bilisim-ve-internet-hukuku\/","title":{"rendered":"Bili\u015fim ve \u0130nternet Hukuku"},"content":{"rendered":"<p align=\"justify\"><img loading=\"lazy\" decoding=\"async\" class=\"size-full wp-image-231 alignleft\" src=\"https:\/\/tuncayilcim.av.tr\/v5\/wp-content\/uploads\/bili\u015fim-ve-internet-hukuku.png\" alt=\"bili\u015fim-ve-internet-hukuku\" width=\"600\" height=\"352\" srcset=\"https:\/\/tuncayilcim.av.tr\/v5\/wp-content\/uploads\/bili\u015fim-ve-internet-hukuku.png 866w, https:\/\/tuncayilcim.av.tr\/v5\/wp-content\/uploads\/bili\u015fim-ve-internet-hukuku-248x146.png 248w, https:\/\/tuncayilcim.av.tr\/v5\/wp-content\/uploads\/bili\u015fim-ve-internet-hukuku-50x29.png 50w, https:\/\/tuncayilcim.av.tr\/v5\/wp-content\/uploads\/bili\u015fim-ve-internet-hukuku-127x75.png 127w\" sizes=\"auto, (max-width:767px) 480px, 600px\" \/> \u0130leti\u015fimin \u00f6neminin g\u00fcn ge\u00e7tik\u00e7e artmas\u0131, g\u00fcn\u00fcm\u00fcz teknolojisinin art\u0131k ba\u015fa \u00e7\u0131k\u0131lamayacak bir \u015fekilde geli\u015fmesine sebep olmu\u015ftur.<\/p>\n<p align=\"justify\">Herkes, Avrupa \u0130nsan Haklar\u0131 S\u00f6zle\u015fmesinin 10.maddesi gere\u011fi d\u00fc\u015f\u00fcnce ve ifade \u00f6zg\u00fcrl\u00fc\u011f\u00fcne sahiptir. Ki\u015filerin bu d\u00fc\u015f\u00fcnce ve ifade \u00f6zg\u00fcrl\u00fc\u011f\u00fc s\u0131n\u0131rs\u0131z olmay\u0131p; mill\u00ee g\u00fcvenlik, kamu d\u00fczeni, su\u00e7lar\u0131n \u00f6nlenmesi, su\u00e7lular\u0131n cezaland\u0131r\u0131lmas\u0131, Devlet s\u0131rr\u0131 olarak usul\u00fcnce belirtilmi\u015f bilgilerin a\u00e7\u0131klanmamas\u0131, ba\u015fkalar\u0131n\u0131n \u015f\u00f6hret veya haklar\u0131n\u0131n, \u00f6zel ve aile hayatlar\u0131n\u0131n korunmas\u0131 gibi sebeplerle s\u0131n\u0131rlanabilmektedir.<\/p>\n<p align=\"justify\">\u0130nsan haklar\u0131n\u0131n hali haz\u0131rda temelini olu\u015fturan Avrupa \u0130nsan Haklar\u0131 S\u00f6zle\u015fmesi, \u00fcye \u00fclkelere kendi i\u00e7 hukuklar\u0131nda d\u00fczenleme yapma zorunlulu\u011fu \u00f6ng\u00f6rm\u00fc\u015ft\u00fcr. Bu ba\u011flamda kendi yasa koyucumuz Anayasan\u0131n 26. Maddesinde \u201cD\u00fc\u015f\u00fcnceyi A\u00e7\u0131klama ve Yayma H\u00fcrriyeti\u201d ba\u015fl\u0131kl\u0131 bir maddeye yer vermi\u015ftir.<\/p>\n<p align=\"justify\">\u0130lgili ulusal ve uluslararas\u0131 mevzuatla ki\u015filere bah\u015fedilen ifade ve d\u00fc\u015f\u00fcnce \u00f6zg\u00fcrl\u00fc\u011f\u00fc hakk\u0131 en \u00e7ok g\u00fcn\u00fcm\u00fczde milyarlarca kullan\u0131c\u0131ya ula\u015fan Facebook, Twitter gibi sosyal medya ara\u00e7lar\u0131nda kullan\u0131lmaktad\u0131r ve buna paralel olarak her g\u00fcn bir\u00e7ok su\u00e7 i\u015flenmektedir. Sosyal medya ara\u00e7lar\u0131nda genel olarak hakaret, tehdit; bili\u015fim sistemlerinde :banka ve kredi kartlar\u0131n\u0131n k\u00f6t\u00fcye kullan\u0131lmas\u0131, bili\u015fim sistemine girme, ki\u015fisel verilerin kaydedilmesi ve yok edilmesi gibi su\u00e7lar i\u015flenmektedir.<\/p>\n<p align=\"justify\">\u00dclkemiz geli\u015fen teknolojiyle beraber, adli ve idari mercilerde zorunlu olarak bir yap\u0131lanmaya gitmek zorunda kalm\u0131\u015ft\u0131r. Bili\u015fim savc\u0131lar\u0131n\u0131n , siber\/bili\u015fim su\u00e7lar \u015fube m\u00fcd\u00fcrl\u00fcklerinin , BTK\u2019n\u0131n ve T\u0130B\u2019 in kurulmas\u0131 tamamen bu zorunlulu\u011fun gere\u011fidir. Yasa koyucu yine bu ba\u011flamda salt internet hukukuyla alakal\u0131 5651 say\u0131l\u0131 \u0130nternet Ortam\u0131ndan Yap\u0131lan Yay\u0131nlar\u0131n D\u00fczenlenmesi ve Bu Yay\u0131nlar Yoluyla \u0130\u015flenen Su\u00e7larla M\u00fccadele Edilmesi Hakk\u0131nda Kanun \u00e7\u0131karm\u0131\u015ft\u0131r.<\/p>\n<p align=\"justify\">5651 say\u0131l\u0131 kanun kapsam\u0131nda internet ortam\u0131nda yap\u0131lan ve i\u00e7eri\u011fi baz\u0131 tahdidi su\u00e7lar\u0131n olu\u015fturan i\u00e7erikler i\u00e7in eri\u015fimin engellenmesi karar\u0131 verilmektedir. Yine ayn\u0131 kanunun 9. Maddesiyle ki\u015filere \u201ci\u00e7eri\u011fin yay\u0131ndan \u00e7\u0131kar\u0131lmas\u0131 ve cevap\u201d hakk\u0131 verilmektedir. \u0130lgili kanun maddesiyle i\u00e7erik nedeniyle haklar\u0131 ihl\u00e2l edildi\u011fini iddia eden ger\u00e7ek veya t\u00fczel ki\u015fi i\u00e7erik sa\u011flay\u0131c\u0131s\u0131na, buna ula\u015famamas\u0131 halinde yer sa\u011flay\u0131c\u0131s\u0131na ba\u015fvurarak kendisine ili\u015fkin i\u00e7eri\u011fin yay\u0131ndan \u00e7\u0131kar\u0131lmas\u0131n\u0131 ve yay\u0131ndaki kapsam\u0131ndan fazla olmamak \u00fczere haz\u0131rlad\u0131\u011f\u0131 cevab\u0131 bir hafta s\u00fcreyle internet ortam\u0131nda yay\u0131mlanmas\u0131n\u0131 isteyebilecektir.<\/p>\n<p align=\"justify\">\u0130\u00e7erik veya yer sa\u011flay\u0131c\u0131 kendisine ula\u015ft\u0131\u011f\u0131 tarihten itibaren iki g\u00fcn i\u00e7inde, talebi yerine getirir. Bu s\u00fcre zarf\u0131nda talep yerine getirilmedi\u011fi takdirde reddedilmi\u015f say\u0131l\u0131r.<\/p>\n","protected":false},"excerpt":{"rendered":"<p>\u0130leti\u015fimin \u00f6neminin g\u00fcn ge\u00e7tik\u00e7e artmas\u0131, g\u00fcn\u00fcm\u00fcz teknolojisinin art\u0131k ba\u015fa \u00e7\u0131k\u0131lamayacak bir \u015fekilde geli\u015fmesine sebep olmu\u015ftur. Herkes, Avrupa \u0130nsan Haklar\u0131 S\u00f6zle\u015fmesinin 10.maddesi gere\u011fi d\u00fc\u015f\u00fcnce ve ifade \u00f6zg\u00fcrl\u00fc\u011f\u00fcne<span class=\"excerpt-hellip\"> [\u2026]<\/span><\/p>\n","protected":false},"author":1,"featured_media":0,"parent":202,"menu_order":0,"comment_status":"closed","ping_status":"closed","template":"","meta":{"_joinchat":[],"footnotes":""},"class_list":["post-230","page","type-page","status-publish","hentry"],"_links":{"self":[{"href":"https:\/\/tuncayilcim.av.tr\/v5\/wp-json\/wp\/v2\/pages\/230","targetHints":{"allow":["GET"]}}],"collection":[{"href":"https:\/\/tuncayilcim.av.tr\/v5\/wp-json\/wp\/v2\/pages"}],"about":[{"href":"https:\/\/tuncayilcim.av.tr\/v5\/wp-json\/wp\/v2\/types\/page"}],"author":[{"embeddable":true,"href":"https:\/\/tuncayilcim.av.tr\/v5\/wp-json\/wp\/v2\/users\/1"}],"replies":[{"embeddable":true,"href":"https:\/\/tuncayilcim.av.tr\/v5\/wp-json\/wp\/v2\/comments?post=230"}],"version-history":[{"count":0,"href":"https:\/\/tuncayilcim.av.tr\/v5\/wp-json\/wp\/v2\/pages\/230\/revisions"}],"up":[{"embeddable":true,"href":"https:\/\/tuncayilcim.av.tr\/v5\/wp-json\/wp\/v2\/pages\/202"}],"wp:attachment":[{"href":"https:\/\/tuncayilcim.av.tr\/v5\/wp-json\/wp\/v2\/media?parent=230"}],"curies":[{"name":"wp","href":"https:\/\/api.w.org\/{rel}","templated":true}]}}