{"id":218,"date":"2015-11-03T15:11:54","date_gmt":"2015-11-03T13:11:54","guid":{"rendered":"https:\/\/tuncayilcim.av.tr\/v5\/?page_id=218"},"modified":"2019-07-09T16:16:35","modified_gmt":"2019-07-09T13:16:35","slug":"ceza-hukuku","status":"publish","type":"page","link":"https:\/\/tuncayilcim.av.tr\/v5\/hizmetlerimiz\/ceza-hukuku\/","title":{"rendered":"Ceza Hukuku"},"content":{"rendered":"<p align=\"justify\"><img loading=\"lazy\" decoding=\"async\" class=\"size-full wp-image-223 alignright\" src=\"https:\/\/tuncayilcim.av.tr\/v5\/wp-content\/uploads\/ceza-hukuku-2.png\" alt=\"ceza-hukuku-2\" width=\"600\" height=\"400\" srcset=\"https:\/\/tuncayilcim.av.tr\/v5\/wp-content\/uploads\/ceza-hukuku-2.png 600w, https:\/\/tuncayilcim.av.tr\/v5\/wp-content\/uploads\/ceza-hukuku-2-219x146.png 219w, https:\/\/tuncayilcim.av.tr\/v5\/wp-content\/uploads\/ceza-hukuku-2-50x33.png 50w, https:\/\/tuncayilcim.av.tr\/v5\/wp-content\/uploads\/ceza-hukuku-2-113x75.png 113w\" sizes=\"auto, (max-width:767px) 480px, 600px\" \/>\u00a0\u00a0\u00a0 Hukukun belki de en elle tutulur yan\u0131 olan, insan\u0131n t\u00fcm hayat\u0131n\u0131 etkileyen ceza hukuku g\u00fcn\u00fcm\u00fczde daha da \u00f6nem kazanmaktad\u0131r. Yap\u0131lan ceza yarg\u0131lamalar\u0131nda savunma hakk\u0131n\u0131n genellikle \u00f6nemsenmedi\u011fi ve ceza muhakemesi usul\u00fcne ayk\u0131r\u0131 \u015fekilde hareket edildi\u011fi zaman zaman g\u00f6zlemlenmektedir. Yarg\u0131laman\u0131n hangi taraf\u0131nda olunursa olunsun, m\u00fc\u015fteki ya da san\u0131k olarak bir vekile tabiri caiz ise \u201cipten alan\u201d iyi bir ceza ya da a\u011f\u0131r ceza avukat\u0131na ihtiya\u00e7 duyulmaktad\u0131r.<\/p>\n<p align=\"justify\">\u00a0\u00a0\u00a0 Ceza yarg\u0131lamas\u0131nda maddi olgular ortaya \u00e7\u0131kart\u0131l\u0131rken hukuka uygun elde edilmi\u015f deliller ile olaylar\u0131n ispatlanmas\u0131 ve hukuk uygulamac\u0131lar\u0131n\u0131n tamamen kendi kimliklerinden s\u0131yr\u0131larak sadece hukuki kimliklerine b\u00fcr\u00fcnerek dosya incelemesi yaparak karar vermeleri gerekmektedir. Ancak maalesef, her zaman bu durum m\u00fcmk\u00fcn olamamakta toplumsal, siyasi ve sosyal bask\u0131lar neticesinde kararlar\u0131n nevii de de\u011fi\u015febilmektedir. Bu durumda en \u00e7ok ihtiya\u00e7 duyulan ve \u015fahs\u0131n en iyi \u015fekilde hakk\u0131n\u0131 koruyabilecek ki\u015fi avukatlar olup, avukatlarca usul ve yasalara uygun karar verilmesi de sa\u011flanmaktad\u0131r.<\/p>\n<p align=\"justify\">\u00a0\u00a0\u00a0 Yarg\u0131laman\u0131n her a\u015famas\u0131nda avukat\u0131n tek bir dokunu\u015fu ile t\u00fcm yarg\u0131laman\u0131n seyri de\u011fi\u015febilecektir. Mahkemelerce ba\u015fkaca adli kontrol tedbirleri incelenmeksizin tutuklama karar\u0131 \u00e7ok kolayca verilebilmektedir. Olay\u0131n mahiyeti ve \u015fahs\u0131n durumu irdelenerek m\u00fcdafii olarak tutuklama karar\u0131n\u0131 kald\u0131rtarak san\u0131\u011f\u0131n tahliyesine ve di\u011fer adli kontrol tedbirlerinin uygulanmas\u0131na karar verilmesi sa\u011flanabilmektedir. B\u00f6ylece san\u0131k hakk\u0131nda uygulanabilecek ba\u015fkaca hukuki yollar var iken \u00f6zg\u00fcrl\u00fc\u011f\u00fcnden mahrum kalmamas\u0131 sa\u011flanacakt\u0131r. \u0130\u015fbu adli kontrol tedbirlerinden baz\u0131lar\u0131 haftan\u0131n belirli bir g\u00fcn\u00fcnde imza atmak, yurtd\u0131\u015f\u0131na \u00e7\u0131k\u0131\u015f yasa\u011f\u0131 gibi ki\u015finin hayat\u0131n\u0131 olumsuz y\u00f6nde etkilemeyecek tedbirlerdir.<\/p>\n<p align=\"justify\">\u00a0\u00a0\u00a0 M\u00fc\u015fteki yani ma\u011fdur a\u00e7\u0131s\u0131ndan ceza hukukunda kar\u015f\u0131la\u015f\u0131lan en b\u00fcy\u00fck problem ise, \u015fikayet s\u00fcreleridir. H\u0131rs\u0131zl\u0131\u011fa maruz kalan, yahut tehdit hakaret su\u00e7lar\u0131 \u015fikayete tabi su\u00e7lardan olup, 6 ayl\u0131k ya da yasalarda belirlenmi\u015f di\u011fer hak d\u00fc\u015f\u00fcr\u00fcc\u00fc s\u00fcreler i\u00e7erisinde Savc\u0131l\u0131k makam\u0131na \u015fikayet edilmedi\u011fi takdirde bu hak kullan\u0131lamaz hale gelmektedir. Yarg\u0131lama a\u015famas\u0131nda iddia edilen unsurlar\u0131n ispatlanamamas\u0131 sonucu m\u00fc\u015fteki kar\u015f\u0131 taraf\u0131n iftira iddias\u0131yla kar\u015f\u0131 kar\u015f\u0131ya kalabilmektedir.<\/p>\n<p align=\"justify\">\u00a0\u00a0\u00a0 \u00d6zellikle t\u00fczel ki\u015fili\u011fi haiz \u015firketler s\u0131kl\u0131kla Vergi Usul Kanunu\u2019na muhalefet su\u00e7undan vergi denetimine tabi olmakta ve ard\u0131ndan Asliye Ceza Mahkemelerinde dava a\u00e7\u0131lmaktad\u0131r. Vergi Daireleri yeterli ve gerekli inceleme yapmaks\u0131z\u0131n m\u00fc\u015fteki olmakta ve \u015firketleri de zora sokmaktad\u0131r. Ger\u00e7ek bir al\u0131m sat\u0131m i\u015flemi olmadan sahte fatura d\u00fczenleyen \u015firketlerle bilmeden i\u015f yapan tacirleri de yarg\u0131lamaks\u0131z\u0131n bu su\u00e7u i\u015flemi\u015f kabul etmektedir. Mahkemelerce vergi denetim raporunun tek delil olarak de\u011ferlendirilmesi usul ve yasaya ayk\u0131r\u0131 olup,<br \/>\nTuncay \u0130l\u00e7im Avukatl\u0131k uzman kadrosuyla bu tip davalarda tecr\u00fcbeleri ilerini ortaya koymakta, su\u00e7un unsuru olan kas\u0131tl\u0131 davran\u0131\u015f\u0131n \u015f\u00fcpheye mahal vermeyecek \u015fekilde delillerle ispatlanmas\u0131n\u0131 ve isnad edilen su\u00e7tan ayr\u0131ca bir menfaat elde edilip edilmedi\u011finin ispat\u0131 hususlar\u0131n\u0131 mahkemenin de\u011ferlendirmesine tabi tutmaktad\u0131r.<\/p>\n","protected":false},"excerpt":{"rendered":"<p>\u00a0\u00a0\u00a0 Hukukun belki de en elle tutulur yan\u0131 olan, insan\u0131n t\u00fcm hayat\u0131n\u0131 etkileyen ceza hukuku g\u00fcn\u00fcm\u00fczde daha da \u00f6nem kazanmaktad\u0131r. Yap\u0131lan ceza yarg\u0131lamalar\u0131nda savunma hakk\u0131n\u0131n genellikle<span class=\"excerpt-hellip\"> [\u2026]<\/span><\/p>\n","protected":false},"author":1,"featured_media":0,"parent":202,"menu_order":0,"comment_status":"closed","ping_status":"closed","template":"","meta":{"_joinchat":[],"footnotes":""},"class_list":["post-218","page","type-page","status-publish","hentry"],"_links":{"self":[{"href":"https:\/\/tuncayilcim.av.tr\/v5\/wp-json\/wp\/v2\/pages\/218","targetHints":{"allow":["GET"]}}],"collection":[{"href":"https:\/\/tuncayilcim.av.tr\/v5\/wp-json\/wp\/v2\/pages"}],"about":[{"href":"https:\/\/tuncayilcim.av.tr\/v5\/wp-json\/wp\/v2\/types\/page"}],"author":[{"embeddable":true,"href":"https:\/\/tuncayilcim.av.tr\/v5\/wp-json\/wp\/v2\/users\/1"}],"replies":[{"embeddable":true,"href":"https:\/\/tuncayilcim.av.tr\/v5\/wp-json\/wp\/v2\/comments?post=218"}],"version-history":[{"count":0,"href":"https:\/\/tuncayilcim.av.tr\/v5\/wp-json\/wp\/v2\/pages\/218\/revisions"}],"up":[{"embeddable":true,"href":"https:\/\/tuncayilcim.av.tr\/v5\/wp-json\/wp\/v2\/pages\/202"}],"wp:attachment":[{"href":"https:\/\/tuncayilcim.av.tr\/v5\/wp-json\/wp\/v2\/media?parent=218"}],"curies":[{"name":"wp","href":"https:\/\/api.w.org\/{rel}","templated":true}]}}