{"id":214,"date":"2015-11-03T15:08:57","date_gmt":"2015-11-03T13:08:57","guid":{"rendered":"https:\/\/tuncayilcim.av.tr\/v5\/?page_id=214"},"modified":"2015-11-03T15:17:40","modified_gmt":"2015-11-03T13:17:40","slug":"fikri-ve-sinai-mulkiyet-haklari-hukuku","status":"publish","type":"page","link":"https:\/\/tuncayilcim.av.tr\/v5\/hizmetlerimiz\/fikri-ve-sinai-mulkiyet-haklari-hukuku\/","title":{"rendered":"Fikri ve S\u0131nai M\u00fclkiyet Haklar\u0131 Hukuku"},"content":{"rendered":"<p align=\"justify\">\u00a0\u00a0\u00a0 <img loading=\"lazy\" decoding=\"async\" class=\"size-full wp-image-215 alignleft\" src=\"https:\/\/tuncayilcim.av.tr\/v5\/wp-content\/uploads\/fikri-sinai-m\u00fclkiyet-hukuku.png\" alt=\"\" width=\"600\" height=\"400\" srcset=\"https:\/\/tuncayilcim.av.tr\/v5\/wp-content\/uploads\/fikri-sinai-m\u00fclkiyet-hukuku.png 600w, https:\/\/tuncayilcim.av.tr\/v5\/wp-content\/uploads\/fikri-sinai-m\u00fclkiyet-hukuku-219x146.png 219w, https:\/\/tuncayilcim.av.tr\/v5\/wp-content\/uploads\/fikri-sinai-m\u00fclkiyet-hukuku-50x33.png 50w, https:\/\/tuncayilcim.av.tr\/v5\/wp-content\/uploads\/fikri-sinai-m\u00fclkiyet-hukuku-113x75.png 113w\" sizes=\"auto, (max-width:767px) 480px, 600px\" \/>Fikri ve S\u0131nai Haklar bir i\u015fletmenin marka ve patenti, faydal\u0131 modeli, proje ve bulu\u015flar\u0131, \u00fcr\u00fcnleri \u00fcretim y\u00f6ntemleri ve usulleri, teknik bilgi gibi t\u00fcm kimli\u011fini olu\u015fturan varl\u0131klard\u0131r. G\u00fcn\u00fcm\u00fczde ticari i\u015fletmelerin \u00e7o\u011falmas\u0131 ve markala\u015fma yolunda ilerleyen firmalar\u0131n \u00fcr\u00fcnlerinin s\u0131kl\u0131kla korsanlar\u0131n\u0131n yap\u0131lmas\u0131 i\u015fbu marka firmalar\u0131n t\u00fcm malvarl\u0131klar\u0131n\u0131 ve maneviyatlar\u0131n\u0131 zedelemektedir. \u0130\u015fbu fikri s\u0131nai m\u00fclkiyet haklar\u0131 gerek m\u00fczik, film, oyun gerekse elbise, ayakkab\u0131, \u00e7anta gibi tasar\u0131m ve emek i\u00e7eren t\u00fcm faaliyet alanlar\u0131nda kar\u015f\u0131m\u0131za \u00e7\u0131kmaktad\u0131r.<\/p>\n<p align=\"justify\">\u00a0\u00a0\u00a0 \u0130\u015fbu haklar \u00fclkemizde 5846 say\u0131l\u0131 Fikri S\u0131nai Eserler Kanunu, 551, 554 ve 556 Say\u0131l\u0131 Kanun H\u00fckm\u00fcnde Kararnameler ile bir\u00e7ok uluslararas\u0131 antla\u015fmalarla korunmakta olup, hen\u00fcz yeni geli\u015fen bir kurumdur. Marka yahut patentini tescil ettirmi\u015f olan \u015firketler \u00fcr\u00fcnlerini koruma alt\u0131na almakta, yayma, \u00e7o\u011faltma, satma ve temsil etme gibi t\u00fcm mali ve manevi haklar\u0131n\u0131 bizzat haiz olmaktad\u0131r.<br \/>\n\u00dcr\u00fcnlerin tescil edilmemi\u015f olmas\u0131, fikri ve s\u0131nai hakk\u0131n varl\u0131\u011f\u0131n\u0131 ortadan kald\u0131rmamakta, uzun s\u00fcredir \u00fcr\u00fcnlerinin kullan\u0131ld\u0131\u011f\u0131n\u0131n ispat\u0131 ya da renk, \u015fekil, ismi ile kamuya mal olmu\u015f ay\u0131rt edicilik \u00f6zelli\u011finin bulunmas\u0131 yine bu kanun korumas\u0131ndan fayda sa\u011flamas\u0131na yol a\u00e7an \u015fartlard\u0131r.<\/p>\n<p align=\"justify\">\u00a0\u00a0\u00a0 Tescilli marka, patent yahut faydal\u0131 model hakk\u0131na sahip \u00fcr\u00fcnlerin hukuka ayk\u0131r\u0131 yollardan sat\u0131ld\u0131\u011f\u0131, \u00e7o\u011falt\u0131ld\u0131\u011f\u0131n\u0131n tespiti halinde tecav\u00fcz\u00fcn \u00f6nlenmesi ve hak sahibinin hakk\u0131na tecav\u00fcz eden \u00fcr\u00fcnleri toplatmak i\u00e7in Savc\u0131l\u0131k Makam\u0131na \u015fikayet hakk\u0131 bulunmaktad\u0131r. \u0130\u015fbu \u015fikayet hakk\u0131 Kanun lafz\u0131ndan korumas\u0131 bulunan \u015firketler, tescilli marka, patent, tasar\u0131m, co\u011frafi i\u015faret, eser gibi hak sahipleri ve baz\u0131 ko\u015fullar\u0131n varl\u0131\u011f\u0131 halinde de lisans sahiplerine tan\u0131nm\u0131\u015ft\u0131r. Ayr\u0131ca eser sahiplerinin \u00f6l\u00fcm\u00fc halinde \u015fikayet hakk\u0131 miras\u00e7\u0131lar\u0131na ge\u00e7mektedir. Her durumda oldu\u011fu gibi fikri s\u0131nai haklarda \u015fikayet s\u00fcreye tabi olup, Ceza Hukuku\u2019ndan farkl\u0131 olarak bu s\u00fcre fiilin yahut failin \u00f6\u011frenildi\u011fi tarihten itibaren 2 y\u0131ld\u0131r. Savc\u0131l\u0131k Makam\u0131nca \u015fikayet\u00e7inin \u015fikayetinin ve delillerin de\u011ferlendirilmesi ile arama ve el koyma karar\u0131 verilerek 24 saat i\u00e7erisinde kopyalanm\u0131\u015f taklit veya sahte \u00fcr\u00fcnler toplat\u0131lmakta ve muhafaza edilmektedir. \u0130\u015fbu hakka tecav\u00fcz etmi\u015f olan sahte \u00fcr\u00fcnleri satma, \u00e7o\u011faltma, temsil etme gibi hukuka ayk\u0131r\u0131 fiilleri ger\u00e7ekle\u015ftiren firma sahipleri ise, Fikri S\u0131nai Haklar Ceza Mahkemesi\u2019nde yarg\u0131lamaya tabi olmaktad\u0131r.<\/p>\n<p align=\"justify\">\u00a0\u00a0\u00a0 Musiki, sanat ve edebiyat eserlerinden \u00f6zellikle korsan film, korsan kitap yahut korsan oyun CD sat\u0131\u015f\u0131 ile s\u0131kl\u0131kla kar\u015f\u0131la\u015f\u0131lmakta olup, \u00e7o\u011funlukla meslek birlikleri bu tip durumlarda \u015fikayet etmekte ve \u00fcr\u00fcnlerin tespiti halinde polis, jandarma vas\u0131tas\u0131yla bask\u0131n yap\u0131lmakta, \u015fah\u0131slar sadece sat\u0131\u015f yapsa dahi \u00e7o\u011funlukla \u00e7o\u011faltma fiilinden de sorumlu kabul edilerek yarg\u0131lanmakta ve haklar\u0131nda daha a\u011f\u0131r cezalara karar verilebilmektedir.<\/p>\n<p align=\"justify\">\u00a0\u00a0\u00a0 Sahte, kopya \u00fcr\u00fcnlerin tespiti ile hakka tecav\u00fcz\u00fcn \u00f6nlenmesi davas\u0131 ve ard\u0131ndan hak sahibinin \u00fcr\u00fcnlerinin kopyalanmas\u0131ndan, sahte ve daha d\u00fc\u015f\u00fck fiyatlara sat\u0131lmas\u0131 gibi hukuka ayk\u0131r\u0131 eylemlerden u\u011fram\u0131\u015f oldu\u011fu firma isminin ve markas\u0131n\u0131n zedelenmesi sonucu maddi ve manevi zararlar\u0131n tespiti ile Fikri S\u0131nai Haklar Hukuk Mahkemesi\u2019nde tazminat davas\u0131 a\u00e7\u0131lmaktad\u0131r.<\/p>\n<p align=\"justify\">\u00a0\u00a0\u00a0 T\u00fcm bu i\u015flemler sadece \u00fclke i\u00e7erisinde de\u011fil, ithalat ve ihracat i\u015flemleri esnas\u0131nda G\u00fcmr\u00fck ve Ticaret Bakanl\u0131\u011f\u0131\u2019na online ba\u015fvuru ile hak korumas\u0131 sa\u011flanabilmekte, ba\u015fvurunun yap\u0131lmas\u0131 ile \u00fcr\u00fcnlere g\u00fcmr\u00fck idaresince resen mallara el konulmakta ve t\u00fcm g\u00fcmr\u00fck i\u015flemleri durdurulmaktad\u0131r. T\u00fcm bu nedenlerle, haklar\u0131 tecav\u00fcze u\u011frayan yahut haks\u0131z \u015fekilde \u00fcr\u00fcnleri toplat\u0131lan ve zarara u\u011frayan ki\u015filer i\u00e7in soru\u015fturma ve kovu\u015fturma esnas\u0131nda Bizler alan\u0131nda uzman kadrosu ve tecr\u00fcbeli avukatlar\u0131, kanun ve Yarg\u0131tay i\u00e7tihatlar\u0131n\u0131 \u015fah\u0131slar\u0131n haklar\u0131n\u0131 korumak i\u00e7in en iyi \u015fekilde yorumlamakta ve mahkemelerin hukuka uygun karar vermelerini sa\u011flamaktad\u0131r.<\/p>\n","protected":false},"excerpt":{"rendered":"<p>\u00a0\u00a0\u00a0 Fikri ve S\u0131nai Haklar bir i\u015fletmenin marka ve patenti, faydal\u0131 modeli, proje ve bulu\u015flar\u0131, \u00fcr\u00fcnleri \u00fcretim y\u00f6ntemleri ve usulleri, teknik bilgi gibi t\u00fcm kimli\u011fini olu\u015fturan<span class=\"excerpt-hellip\"> [\u2026]<\/span><\/p>\n","protected":false},"author":1,"featured_media":0,"parent":202,"menu_order":0,"comment_status":"closed","ping_status":"closed","template":"","meta":{"_joinchat":[],"footnotes":""},"class_list":["post-214","page","type-page","status-publish","hentry"],"_links":{"self":[{"href":"https:\/\/tuncayilcim.av.tr\/v5\/wp-json\/wp\/v2\/pages\/214","targetHints":{"allow":["GET"]}}],"collection":[{"href":"https:\/\/tuncayilcim.av.tr\/v5\/wp-json\/wp\/v2\/pages"}],"about":[{"href":"https:\/\/tuncayilcim.av.tr\/v5\/wp-json\/wp\/v2\/types\/page"}],"author":[{"embeddable":true,"href":"https:\/\/tuncayilcim.av.tr\/v5\/wp-json\/wp\/v2\/users\/1"}],"replies":[{"embeddable":true,"href":"https:\/\/tuncayilcim.av.tr\/v5\/wp-json\/wp\/v2\/comments?post=214"}],"version-history":[{"count":0,"href":"https:\/\/tuncayilcim.av.tr\/v5\/wp-json\/wp\/v2\/pages\/214\/revisions"}],"up":[{"embeddable":true,"href":"https:\/\/tuncayilcim.av.tr\/v5\/wp-json\/wp\/v2\/pages\/202"}],"wp:attachment":[{"href":"https:\/\/tuncayilcim.av.tr\/v5\/wp-json\/wp\/v2\/media?parent=214"}],"curies":[{"name":"wp","href":"https:\/\/api.w.org\/{rel}","templated":true}]}}