{"id":204,"date":"2015-11-03T14:55:34","date_gmt":"2015-11-03T12:55:34","guid":{"rendered":"https:\/\/tuncayilcim.av.tr\/v5\/?page_id=204"},"modified":"2015-11-03T15:14:34","modified_gmt":"2015-11-03T13:14:34","slug":"icra-iflas-hukuku","status":"publish","type":"page","link":"https:\/\/tuncayilcim.av.tr\/v5\/hizmetlerimiz\/icra-iflas-hukuku\/","title":{"rendered":"\u0130cra \u0130flas Hukuku"},"content":{"rendered":"<p style=\"text-align: justify;\" align=\"justify\"><span style=\"font-family: Verdana; font-size: small;\"> <img loading=\"lazy\" decoding=\"async\" class=\"size-full wp-image-212 alignleft\" src=\"https:\/\/tuncayilcim.av.tr\/v5\/wp-content\/uploads\/icra-iflas-hukuku.png\" alt=\"icra-iflas-hukuku\" width=\"425\" height=\"282\" srcset=\"https:\/\/tuncayilcim.av.tr\/v5\/wp-content\/uploads\/icra-iflas-hukuku.png 425w, https:\/\/tuncayilcim.av.tr\/v5\/wp-content\/uploads\/icra-iflas-hukuku-220x146.png 220w, https:\/\/tuncayilcim.av.tr\/v5\/wp-content\/uploads\/icra-iflas-hukuku-50x33.png 50w, https:\/\/tuncayilcim.av.tr\/v5\/wp-content\/uploads\/icra-iflas-hukuku-113x75.png 113w\" sizes=\"auto, (max-width:767px) 425px, 425px\" \/><strong>\u0130cra \u0130flas Hukuku\u2019na takip hukuku da denilmektedir.<\/strong><\/span><\/p>\n<p style=\"text-align: justify;\" align=\"justify\"><span style=\"font-family: Verdana; font-size: small;\">Cebri icra, devletin zor kullanma g\u00fcc\u00fcn\u00fc belirtir. Bor\u00e7lar\u0131n\u0131 \u00f6demeyen, y\u00fck\u00fcml\u00fcl\u00fcklerini yerine getirmeyenlere kar\u015f\u0131, devlet yard\u0131m\u0131 ile alacaklar\u0131na nas\u0131l kavu\u015faca\u011f\u0131n\u0131 d\u00fczenleyen hukuk dal\u0131na icra ve iflas hukuku<br \/>\nveya cebri icra hukuku denir.<\/span><\/p>\n<p style=\"text-align: justify;\" align=\"justify\"><span style=\"font-family: Verdana; font-size: small;\">\u00a0\u00a0\u00a0 Cebri icra hukuku zor kullanma yetkisini sadece devlete tan\u0131m\u0131\u015ft\u0131r. Alacakl\u0131n\u0131n alaca\u011f\u0131na kavu\u015fmas\u0131 i\u00e7in devlet, icra m\u00fcd\u00fcrl\u00fc\u011f\u00fc nezdindeki icra daireleri arac\u0131l\u0131\u011f\u0131yla bor\u00e7lunun hak ve mallar\u0131n\u0131 haczeder, bu mallar en sonunda sat\u0131larak paraya \u00e7evrilir ve elde edilen para alaca\u011fa kar\u015f\u0131l\u0131k olarak \u00f6denir.<\/span><\/p>\n<h3 style=\"text-align: justify;\" align=\"justify\"><span style=\"font-family: Verdana; font-size: small;\">\u0130cra \u0130flas Kanunu\u2019na g\u00f6re haciz y\u00f6ntemleri:<\/span><\/h3>\n<p style=\"text-align: justify;\" align=\"justify\"><span style=\"font-family: Verdana; font-size: small;\"><strong>1-\u0130laml\u0131 icra: <\/strong>Bir mahkeme karar\u0131na veya mahkeme karar\u0131 niteli\u011finde say\u0131lan bir belgeye dayanan alaca\u011f\u0131n tahsil edilmesi amac\u0131yla izlenen takip y\u00f6ntemidir.<strong><br \/>\n2-\u0130lams\u0131z icra: <\/strong>Herhangi bir belgeye dayan\u0131lmadan da a\u00e7\u0131labilen takip y\u00f6ntemidir.<strong><br \/>\n3-Rehnin paraya \u00e7evrilmesi yoluyla takip:<br \/>\n<\/strong>Alacakl\u0131n\u0131n elinde bor\u00e7luya ait bir mal rehnedilmi\u015f olarak bulunuyorsa ilk \u00f6nce rehnin paraya \u00e7evrilmesi yoluyla takibe ba\u015fvurmal\u0131d\u0131r.<\/span><\/p>\n<h2 style=\"text-align: justify;\" align=\"justify\"><span style=\"font-family: Verdana; font-size: small;\">\u0130cra ve \u0130flas Kanunu\u2019nda yer alan haciz t\u00fcrleri:<\/span><\/h2>\n<p style=\"text-align: justify;\" align=\"justify\"><span style=\"font-family: Verdana; font-size: small;\"><strong>1-\u0130htiyati haciz: <\/strong>Ge\u00e7ici hukuki koruma \u00f6nlemidir. Alaca\u011f\u0131 elde etmek i\u00e7in de\u011fil teminat alt\u0131na almak i\u00e7in d\u00fczenlenen bir tedbirdir.<strong><br \/>\n2-Konkordato: <\/strong>\u0130\u015fleri yolunda bor\u00e7luyu(genellikle \u015firketler) korumak d\u00fczenlenen bir kurumdur.<strong><br \/>\n3-Uzla\u015fma yoluyla yeniden yap\u0131land\u0131rma: <\/strong>Sermaye \u015firketleri ve kooperatiflerin haciz yoluna ba\u015fvuran alacakl\u0131lar\u0131n uzla\u015fmas\u0131n\u0131 ve faaliyetine devam etmesine imkan sa\u011flayan bir kurumdur.<strong><br \/>\n4-\u0130ptal Davas\u0131: <\/strong>Bor\u00e7lular, hen\u00fcz mallar\u0131 haczedilmeden \u00f6nce haczedilmesini \u00f6nlemek amac\u0131yla ellerindeki mallar\u0131n satarlar ise alacakl\u0131lar bu dava yoluyla bu i\u015flemlerin iptalini sa\u011flayabilirler. Bu sayede<br \/>\nalacakl\u0131lar alacaklar\u0131n\u0131 tahsil edebilirler.<\/span><\/p>\n<h3 style=\"text-align: justify;\" align=\"justify\">\u00a0<span style=\"font-family: Verdana; font-size: small;\">AMME (KAMU) ALACAKLARININ TAHS\u0130L\u0130<\/span><\/h3>\n<p style=\"text-align: justify;\">\u00a0\u00a0\u00a0 Kamu kurulu\u015flar\u0131n\u0131n alacaklar\u0131 \u0130cra \u0130flas Kanunu\u2019na de\u011fil, \u201cAMME (KAMU) ALACAKLARININ TAHS\u0130L\u0130 HAKKINDA KANUN\u201d<br \/>\nh\u00fck\u00fcmlerine g\u00f6re takip edilir.<\/p>\n<h3 style=\"text-align: justify;\" align=\"justify\"><span style=\"font-family: Verdana; font-size: small;\">\u0130CRA ORGANLARI<\/span><\/h3>\n<p style=\"text-align: justify;\" align=\"justify\"><span style=\"font-family: Verdana; font-size: small;\"><strong>a- \u0130cra Dairesi: <\/strong>\u0130cra i\u015flemlerinin ba\u015flat\u0131ld\u0131\u011f\u0131 makamd\u0131r.<strong><br \/>\nb- \u0130cra Mahkemesi: <\/strong>\u0130cra dairesini denetleyen mahkemedir. \u0130cra memurlar\u0131n\u0131n i\u015flemleri, takip hakk\u0131ndaki ba\u015fvurular mahkemeye yap\u0131l\u0131r ve mahkeme nezdinde incelenir.<\/span><\/p>\n<h3 style=\"text-align: justify;\" align=\"justify\"><span style=\"font-family: Verdana; font-size: small;\">\u0130CRA MAHKEMES\u0130\u2019nin Kararlar\u0131n\u0131n Temyizi:<\/span><\/h3>\n<p style=\"text-align: justify;\" align=\"justify\"><span style=\"font-family: Verdana; font-size: small;\">\u00a0\u00a0\u00a0 \u0130CRA MAHKEMES\u0130\u2019nin baz\u0131 kararlar\u0131 temyiz edilebilir. Temyiz edilebilecek kararlar ise \u0130\u0130K m.363\u2032de teker teker <em>numerus clausus <\/em>say\u0131lm\u0131\u015ft\u0131r. Temyiz s\u00fcresi, karar\u0131n tebli\u011finden veya y\u00fcz\u00fcne kar\u015f\u0131<br \/>\nokunmas\u0131ndan ba\u015flayarak 10 g\u00fcnd\u00fcr.<\/span><\/p>\n<p style=\"text-align: justify;\" align=\"justify\">\u00a0<span style=\"font-family: Verdana; font-size: small;\"><strong>\u0130CRA DA\u0130RES\u0130 G\u00d6REVL\u0130LER\u0130N\u0130N SORUMLULU\u011eU<\/strong><\/span><\/p>\n<p style=\"text-align: justify;\" align=\"justify\"><span style=\"font-family: Verdana; font-size: small;\"><strong>Hukuki Sorumluluk:<\/strong>\u00a0 \u0130cra dairesindeki g\u00f6revlilerin ve memurlar\u0131n yapt\u0131klar\u0131 i\u015flemlerden zarar g\u00f6ren ki\u015filer, \u015fikayet yoluna ba\u015fvurarak \u0130cra Mahkemesi nezdinde talepte bulunabilirler.<\/span><\/p>\n<p style=\"text-align: justify;\" align=\"justify\"><span style=\"font-family: Verdana; font-size: small;\"><strong>Cezai Sorumluluk: <\/strong>\u0130cra dairesi g\u00f6revlileri ve memurlar\u0131n\u0131n fiilleri su\u00e7 da te\u015fkil edebilir. Bu durumda g\u00f6revliler ve memurlar hakk\u0131nda su\u00e7 duyurusunda bulunulabilir.<\/span><\/p>\n<p style=\"text-align: justify;\" align=\"justify\">\u00a0<span style=\"font-family: Verdana; font-size: small;\"><strong>\u015e\u0130K\u00c2YET<\/strong><\/span><\/p>\n<p style=\"text-align: justify;\" align=\"justify\"><span style=\"font-family: Verdana; font-size: small;\"><strong>\u015eik\u00e2yet Sebepleri<\/strong><\/span><\/p>\n<p style=\"text-align: justify;\" align=\"justify\"><span style=\"font-family: Verdana; font-size: small;\"><strong>1- \u0130\u015flemin Kanuna Ayk\u0131r\u0131 Olmas\u0131<br \/>\n2- \u0130\u015flemin Duruma Uygun Olmamas\u0131: <\/strong>\u0130cra dairesine takdir yetkisi tan\u0131nan durumlarda meydana gelebilir.<strong><br \/>\n3- Hakk\u0131n Yerine Getirilmemesi Hali:<\/strong> \u0130cra dairesi g\u00f6revli ve memurlar\u0131n\u0131n g\u00f6revleri i\u00e7inde olanbir i\u015fi yapmamas\u0131 durumudur.<strong><br \/>\n4- Hakk\u0131n Nedensiz S\u00fcr\u00fcncemede B\u0131rak\u0131lma Durumu<\/strong><br \/>\n<\/span><\/p>\n<h4 style=\"text-align: justify;\" align=\"justify\"><span style=\"font-family: Verdana; font-size: small;\">\u015eik\u00e2yet S\u00fcresi<\/span><\/h4>\n<p style=\"text-align: justify;\" align=\"justify\"><span style=\"font-family: Verdana; font-size: small;\">Kural olarak: 7 g\u00fcnd\u00fcr. \u015eikayet s\u00fcresi \u015fikayete konu i\u015flemin \u00f6\u011frenildi\u011fi g\u00fcnden ba\u015flamaktad\u0131r.<\/span><\/p>\n<h3 style=\"text-align: justify;\" align=\"justify\"><span style=\"font-family: Verdana; font-size: small;\">\u015eik\u00e2yetin s\u00fcreye tabi olmad\u0131\u011f\u0131 haller:<\/span><\/h3>\n<p style=\"text-align: justify;\" align=\"justify\"><span style=\"font-family: Verdana; font-size: small;\"><b>a-<\/b> Hakk\u0131n yerine getirilmemesi ya da sebep belirtilmeden s\u00fcr\u00fcncemede b\u0131rak\u0131lmas\u0131 durumu da her daim \u015fikayet yoluna ba\u015fvurulabilir.<b><br \/>\nb-<\/b> Kamu d\u00fczenini bozabilecek ve ayk\u0131r\u0131 olan i\u015flemlere aleyhine de s\u00fcresiz olarak \u015fikayet prosed\u00fcr\u00fc kullan\u0131labilir.<\/span><\/p>\n<h5 style=\"text-align: justify;\" align=\"justify\"><span style=\"font-family: Verdana;\">\u015eik\u00e2yet Usul\u00fc<\/span><\/h5>\n<p style=\"text-align: justify;\" align=\"justify\"><span style=\"font-family: Verdana; font-size: small;\">\u015eikayet, icra mahkemesi nezdinde yaz\u0131l\u0131 bir dilek\u00e7e ile veyahut s\u00f6zl\u00fc olarak yap\u0131labilir.<\/span><\/p>\n<h4 style=\"text-align: justify;\" align=\"justify\">\u00a0<span style=\"font-family: Verdana; font-size: small;\">\u0130CRA PROSED\u00dcR\u00dcNDE TEBL\u0130GAT<\/span><\/h4>\n<p style=\"text-align: justify;\" align=\"justify\"><span style=\"font-family: Verdana; font-size: small;\">\u0130cra i\u015flemlerinin tamamlanabilmesi amac\u0131yla, tebli\u011f edilmesi zorunludur. Tebligat, Tebligat Kanunu\u2019na uygun olarak yap\u0131l\u0131r. Tebligat, PTT\u2019nin posta memurlar\u0131 ya da icra memuru arac\u0131l\u0131\u011f\u0131yla yap\u0131labilir.<\/span><\/p>\n<p style=\"text-align: justify;\" align=\"justify\"><span style=\"font-family: Verdana; font-size: small;\">Tebligat yap\u0131lacak ki\u015fi adresinde bulunmazsa tebligat, kendisi ile ayn\u0131 adreste ikamet eden, g\u00f6r\u00fcn\u00fc\u015f olarak 18 ya\u015f\u0131ndan b\u00fcy\u00fck aile bireylerinden birine yap\u0131labilir. E\u011fer tebli\u011f al\u0131nmaktan ka\u00e7\u0131n\u0131l\u0131rsa, tebli\u011f edilecek bor\u00e7lu ger\u00e7ek ki\u015fi ise Tebligat Kanunu\u2019nun 21. Maddesine g\u00f6re mernis sisteminde kay\u0131tl\u0131 adresine tekrar tebligat g\u00f6nderilerek adresteki g\u00f6revli muhtarl\u0131\u011fa tebligat yap\u0131l\u0131r. E\u011fer bor\u00e7lu t\u00fczel ki\u015fi tacir ise, TK m.35\u2019e g\u00f6re ticaret odas\u0131na kay\u0131tl\u0131 adresine, kap\u0131ya yap\u0131\u015ft\u0131rmak suretiyle tebligat yap\u0131l\u0131r.<\/span><\/p>\n<h3 style=\"text-align: justify;\" align=\"justify\"><span style=\"font-family: Verdana; font-size: small;\">Usuls\u00fcz Tebligat:<\/span><\/h3>\n<p style=\"text-align: justify;\" align=\"justify\"><span style=\"font-family: Verdana; font-size: small;\">Kanunda d\u00fczenlenen usul\u00fcne uygun olarak yap\u0131lmayan tebligat ge\u00e7ersizdir.<\/span><\/p>\n<h3 style=\"text-align: justify;\" align=\"justify\"><span style=\"font-family: Verdana; font-size: small;\">Takibin Ertelenme Halleri<\/span><\/h3>\n<p style=\"text-align: justify;\" align=\"justify\"><span style=\"font-family: Verdana; font-size: small;\"><b>a-<\/b>\u00a0 Bor\u00e7lunun yak\u0131nlar\u0131ndan birinin \u00f6l\u00fcm\u00fc \u00fczerine takip 3 g\u00fcn ertelenir.<strong><br \/>\nb-\u00a0 Bor\u00e7lunun \u00f6lmesi: <\/strong>Miras\u00e7\u0131 miras\u0131 derhal kabul etmi\u015fse takip 3 g\u00fcn ertelenir ve daha sonra miras\u00e7\u0131lara veyahut miras b\u0131rak\u0131lan malvarl\u0131\u011f\u0131na kar\u015f\u0131 takip devam eder. Miras\u00e7\u0131 veya miras\u00e7\u0131lar a\u00e7\u0131k\u00e7a miras\u0131 kabul<br \/>\netmemi\u015f veya reddetmemi\u015fse 3 ay boyunca icra takibi ertelenir.<strong><br \/>\nc-\u00a0 Bor\u00e7lunun tutuklu veya h\u00fck\u00fcml\u00fc olmas\u0131<\/strong>:<br \/>\nBor\u00e7lu 1 y\u0131l veya daha fazla ceza alm\u0131\u015fsa, Sulh Hukuk Mahkemesi\u2019nden vasi tayin edilene kadar icra takibi ertelenir. 1 y\u0131ldan daha az ceza alm\u0131\u015fsa, icra m\u00fcd\u00fcrl\u00fc\u011f\u00fc taraf\u0131ndan verilen s\u00fcre i\u00e7erisinde kendisine vasi atayana kadar icra takibi ertelenir.<strong><br \/>\nd-\u00a0 Bor\u00e7lunun asker olmas\u0131:\u00a0 <\/strong>Kendisine temsilci atayana kadar, icra m\u00fcd\u00fcrl\u00fc\u011f\u00fc taraf\u0131ndan kendisine uygun bir s\u00fcre verilir.<strong><br \/>\ne-\u00a0 Bor\u00e7lunun a\u011f\u0131r hastal\u0131k hali: <\/strong>Kendisine temsilci tayin edinceye kadar takip ertelenir. Mal ka\u00e7\u0131rma ihtimali bulunuyorsa; gece vakti de dahil olmak \u00fczere; tutuklu, a\u011f\u0131r hasta ve askerlik<\/span><\/p>\n<h2 style=\"text-align: justify;\" align=\"justify\">\u00a0<span style=\"font-family: Verdana; font-size: small;\">\u0130CRA HUKUKUNDA \u0130T\u0130RAZ ve \u0130T\u0130RAZIN D\u00dc\u015e\u00dcR\u00dcLMES\u0130<\/span><\/h2>\n<p style=\"text-align: justify;\" align=\"justify\">\u00a0<span style=\"font-family: Verdana; font-size: small;\">\u00a0\u00a0\u00a0 \u0130cra hukukunda, ba\u015flat\u0131lan icra takibinin itirazla durdurulmas\u0131 iki \u015fekilde m\u00fcmk\u00fcnd\u00fcr. Bunlardan birincisi itiraz\u0131n iptali yolu di\u011feri ise itiraz\u0131n kald\u0131r\u0131lmas\u0131 yoludur. Bor\u00e7lu, kendisine kar\u015f\u0131 ba\u015flat\u0131lan bir icra takibinde<br \/>\n\u00f6deme emrinin kendisine tebli\u011finden itibaren yedi g\u00fcn i\u00e7inde itiraz ederse takip ba\u015fkaca hi\u00e7bir i\u015fleme gerek kalmaks\u0131z\u0131n takip durur. Duran takibe genel mahkemelerde a\u00e7\u0131lan itiraz\u0131n iptali davas\u0131yla ya da itiraz\u0131n kald\u0131r\u0131lmas\u0131 karar\u0131yla devam edilebilir. Alacakl\u0131, e\u011fer \u0130cra \u0130flas Kanunu\u2019nun 68. Maddesinde say\u0131lan belgelerden birine sahip ise \u0130cra Mahkemesi\u2019ne ba\u015fvurularak itiraz iptal edilerek takibe devam edilebilir.<\/span><\/p>\n<p style=\"text-align: justify;\" align=\"justify\"><span style=\"font-family: Verdana; font-size: small;\">\u00a0\u00a0\u00a0 E\u011fer bu belgelerden birine sahip de\u011filse, genel mahkemelerde itiraz\u0131n kald\u0131r\u0131lmas\u0131 yoluna ba\u015fvurarak, itiraz\u0131n kald\u0131r\u0131lmas\u0131n\u0131 sa\u011flayarak takibin devam\u0131n\u0131 sa\u011flayabilir. \u0130cra takibinin son a\u015famas\u0131 da haczedilen mallar\u0131n sat\u0131lmas\u0131d\u0131r.<\/span><\/p>\n<h1 style=\"text-align: justify;\" align=\"justify\"><span style=\"font-family: Verdana; font-size: small;\">\u0130cra Hukuku<\/span><\/h1>\n<p style=\"text-align: justify;\" align=\"justify\"><span style=\"font-family: Verdana; font-size: small;\">\u00a0\u00a0\u00a0 B\u00fcromuz, m\u00fcvekkillerimize icra hukuku alan\u0131nda dan\u0131\u015fmanl\u0131k ve avukatl\u0131k hizmeti vermektedir. Bor\u00e7 tahsilat\u0131n\u0131n h\u0131zl\u0131 bir \u015fekilde ger\u00e7ekle\u015ftirilebilmesi i\u00e7in sadece bu alanda \u00e7al\u0131\u015fan ve uzmanla\u015fm\u0131\u015f call center<br \/>\nbirimimiz bulunmakta ve bor\u00e7lularla s\u00fcrekli olarak ileti\u015fime ge\u00e7ilerek borcun \u00f6denmesinin pratik bir \u015fekilde sa\u011flanmas\u0131na \u00e7al\u0131\u015f\u0131l\u0131r. Bu a\u015famada ba\u015far\u0131 sa\u011flanamad\u0131\u011f\u0131 takdirde, konu yine icra alan\u0131nda uzman avukatlar\u0131m\u0131z\u0131n takibinde UYAP, Sinerji gibi g\u00fcncel bili\u015fim programlar\u0131 da kullan\u0131larak h\u0131zl\u0131 bir \u015fekilde sonuca ula\u015ft\u0131r\u0131lmaya \u00e7al\u0131\u015f\u0131lmakta, kolay bir \u015fekilde malvarl\u0131\u011f\u0131 takibi yap\u0131labilmektedir. Sonu\u00e7 odakl\u0131 olarak, \u0130stanbul\u2019daki bir\u00e7ok adliyede daimi olarak bulunarak gerekti\u011finde h\u0131zl\u0131 bir \u015fekilde i\u015flem ger\u00e7ekle\u015ftiren personellerimiz bulunmaktad\u0131r. Kredi s\u00f6zle\u015fmesi takibi, hacizli mallar ve ipotek sat\u0131\u015f\u0131, rehnin paraya \u00e7evrilmesi i\u015flemleri h\u0131zl\u0131 bir \u015fekilde ger\u00e7ekle\u015ftirilmektedir. Bizler; ulusal ve\/veya uluslararas\u0131 faaliyet g\u00f6steren bireysel ve kurumsal m\u00fcvekkillerimize ihtiya\u00e7 duyduklar\u0131 konularda deneyimli bir firma olarak uzun zamand\u0131r istikrarla, tecr\u00fcbeli ve profesyonel ekibimiz ve icra avukatlar\u0131m\u0131zla k\u0131sa s\u00fcrede ve ba\u015far\u0131l\u0131 bir \u015fekilde m\u00fcvekkillerimizin i\u015flemlerini takip etmekte ve yard\u0131m etmekteyiz.<\/span><\/p>\n<h5 style=\"text-align: justify;\" align=\"justify\"><span style=\"font-family: Verdana;\">K\u0131ymetli Evrak Tahsilat\u0131<\/span><\/h5>\n<p style=\"text-align: justify;\" align=\"justify\"><span style=\"font-family: Verdana; font-size: small;\">\u00a0\u00a0\u00a0 Para yerine kullan\u0131lan \u00e7ek, bono, poli\u00e7e, rehin belgesi gibi ticaret hukuku k\u0131ymetli evraklar\u0131n\u0131n d\u00fczenlendi\u011fi ihtisas alan\u0131d\u0131r. Deneyimli avukatlar\u0131m\u0131z, kar\u015f\u0131l\u0131ks\u0131z \u00e7ek tahsilat\u0131, poli\u00e7e tahsilat\u0131, bono tahsilat\u0131 gibi alanlarda ba\u015far\u0131l\u0131 bir \u015fekilde bor\u00e7 tahsilat\u0131nda faaliyet g\u00f6stermektedir.<\/span><\/p>\n<h5 style=\"text-align: justify;\" align=\"justify\"><span style=\"font-family: Verdana;\">Senet Tahsilat\u0131<\/span><\/h5>\n<p style=\"text-align: justify;\" align=\"justify\"><span style=\"font-family: Verdana; font-size: small;\">\u00a0\u00a0\u00a0 Deneyimli avukatlar\u0131m\u0131z ve ekibimiz, hukukumuzda k\u0131ymetli evrak (\u00e7ek, poli\u00e7e, bono) say\u0131lmayan, adi evrak olarak an\u0131lan senetlerin tahsilat\u0131nda da ba\u015far\u0131l\u0131 bir \u00e7izgide hareket etmektedir.<\/span><\/p>\n<h5 style=\"text-align: justify;\" align=\"justify\"><span style=\"font-family: Verdana;\">Fatura Tahsilat\u0131<\/span><\/h5>\n<p style=\"text-align: justify;\" align=\"justify\"><span style=\"font-family: Verdana; font-size: small;\">\u00a0\u00a0\u00a0 Genellikle kurumlar\u0131n veya tacir kurulu\u015flar veya ki\u015filerin d\u00fczenledikleri faturalar\u0131n tam ve h\u0131zl\u0131 tahsilat sa\u011flamak amac\u0131yla b\u00fcromuz nezdinde ba\u015far\u0131l\u0131 bir faaliyet sergilenmektedir.<\/span><\/p>\n","protected":false},"excerpt":{"rendered":"<p>\u0130cra \u0130flas Hukuku\u2019na takip hukuku da denilmektedir. Cebri icra, devletin zor kullanma g\u00fcc\u00fcn\u00fc belirtir. Bor\u00e7lar\u0131n\u0131 \u00f6demeyen, y\u00fck\u00fcml\u00fcl\u00fcklerini yerine getirmeyenlere kar\u015f\u0131, devlet yard\u0131m\u0131 ile alacaklar\u0131na nas\u0131l kavu\u015faca\u011f\u0131n\u0131<span class=\"excerpt-hellip\"> [\u2026]<\/span><\/p>\n","protected":false},"author":1,"featured_media":0,"parent":202,"menu_order":0,"comment_status":"closed","ping_status":"closed","template":"","meta":{"_joinchat":[],"footnotes":""},"class_list":["post-204","page","type-page","status-publish","hentry"],"_links":{"self":[{"href":"https:\/\/tuncayilcim.av.tr\/v5\/wp-json\/wp\/v2\/pages\/204","targetHints":{"allow":["GET"]}}],"collection":[{"href":"https:\/\/tuncayilcim.av.tr\/v5\/wp-json\/wp\/v2\/pages"}],"about":[{"href":"https:\/\/tuncayilcim.av.tr\/v5\/wp-json\/wp\/v2\/types\/page"}],"author":[{"embeddable":true,"href":"https:\/\/tuncayilcim.av.tr\/v5\/wp-json\/wp\/v2\/users\/1"}],"replies":[{"embeddable":true,"href":"https:\/\/tuncayilcim.av.tr\/v5\/wp-json\/wp\/v2\/comments?post=204"}],"version-history":[{"count":0,"href":"https:\/\/tuncayilcim.av.tr\/v5\/wp-json\/wp\/v2\/pages\/204\/revisions"}],"up":[{"embeddable":true,"href":"https:\/\/tuncayilcim.av.tr\/v5\/wp-json\/wp\/v2\/pages\/202"}],"wp:attachment":[{"href":"https:\/\/tuncayilcim.av.tr\/v5\/wp-json\/wp\/v2\/media?parent=204"}],"curies":[{"name":"wp","href":"https:\/\/api.w.org\/{rel}","templated":true}]}}