{"id":168,"date":"2015-11-03T00:24:40","date_gmt":"2015-11-02T22:24:40","guid":{"rendered":"https:\/\/tuncayilcim.av.tr\/v5\/?page_id=168"},"modified":"2026-02-22T01:40:15","modified_gmt":"2026-02-21T22:40:15","slug":"sertifikalar","status":"publish","type":"page","link":"https:\/\/tuncayilcim.av.tr\/v5\/kurumsal\/sertifikalar\/","title":{"rendered":"Sertifikalar"},"content":{"rendered":"<table>\n<thead>\n<tr>\n<th style=\"text-align: center;\">Kurum<\/th>\n<th style=\"text-align: center;\">\u0130\u00e7erik<\/th>\n<th style=\"text-align: center;\">Foto\u011fraf<\/th>\n<\/tr>\n<\/thead>\n<tbody>\n<tr>\n<td style=\"text-align: left;\">Ankara Barosu<\/td>\n<td style=\"text-align: left;\">CMK Uygulamalar\u0131 Kat\u0131l\u0131m Belgesi<\/td>\n<td style=\"text-align: center;\"><img loading=\"lazy\" decoding=\"async\" src=\"https:\/\/tuncayilcim.av.tr\/v5\/wp-content\/uploads\/Baro_Logo1.png\" alt=\"\" width=\"150\" height=\"150\" \/><\/td>\n<\/tr>\n<tr>\n<td style=\"text-align: left;\">TBB<\/td>\n<td style=\"text-align: left;\">Enerji Hukuku ve Bilirki\u015filik Sertifikas\u0131<\/td>\n<td style=\"text-align: center;\"><img loading=\"lazy\" decoding=\"async\" src=\"https:\/\/tuncayilcim.av.tr\/v5\/wp-content\/uploads\/2872402.png\" alt=\"\" width=\"150\" height=\"150\" \/><\/td>\n<\/tr>\n<tr>\n<td style=\"text-align: left;\">Bah\u00e7e\u015fehir \u00dcniversitesi<\/td>\n<td style=\"text-align: left;\">Bili\u015fim ve Teknoloji Hukuku E\u011fitim Sertifikas\u0131<\/td>\n<td style=\"text-align: center;\"><img loading=\"lazy\" decoding=\"async\" src=\"https:\/\/tuncayilcim.av.tr\/v5\/wp-content\/uploads\/bau.png\" alt=\"\" width=\"150\" height=\"150\" \/><\/td>\n<\/tr>\n<tr>\n<td style=\"text-align: left;\">Galatasaray \u00dcniversitesi<\/td>\n<td style=\"text-align: left;\">\u0130\u015f Hukuku Uygulamalar\u0131 E\u011fitim Sertifikas\u0131<\/td>\n<td style=\"text-align: center;\"><img loading=\"lazy\" decoding=\"async\" src=\"https:\/\/tuncayilcim.av.tr\/v5\/wp-content\/uploads\/gs.png\" alt=\"\" width=\"150\" height=\"150\" \/><\/td>\n<\/tr>\n<tr>\n<td style=\"text-align: left;\">\u0130stanbul Institute<\/td>\n<td style=\"text-align: left;\">S\u00f6zle\u015fmeler Hukuku E\u011fitim Sertifikas\u0131<\/td>\n<td style=\"text-align: center;\"><img loading=\"lazy\" decoding=\"async\" src=\"https:\/\/tuncayilcim.av.tr\/v5\/wp-content\/uploads\/ist.png\" alt=\"\" width=\"150\" height=\"150\" \/><\/td>\n<\/tr>\n<tr>\n<td style=\"text-align: left;\">Adalet Bakanl\u0131\u011f\u0131<\/td>\n<td style=\"text-align: left;\">Noterlik Belgesi<\/td>\n<td style=\"text-align: center;\"><img loading=\"lazy\" decoding=\"async\" src=\"https:\/\/tuncayilcim.av.tr\/v5\/wp-content\/uploads\/adl.png\" alt=\"\" width=\"150\" height=\"150\" \/><\/td>\n<\/tr>\n<tr>\n<td style=\"text-align: left;\">AB Ulusal Ajans<\/td>\n<td style=\"text-align: left;\">Genel Koordinat\u00f6rl\u00fck Staj Belgesi<\/td>\n<td style=\"text-align: center;\"><img loading=\"lazy\" decoding=\"async\" src=\"https:\/\/tuncayilcim.av.tr\/v5\/wp-content\/uploads\/ab.png\" alt=\"\" width=\"150\" height=\"150\" \/><\/td>\n<\/tr>\n<tr>\n<td style=\"text-align: left;\">Hacettepe \u00dcniversitesi<\/td>\n<td style=\"text-align: left;\">Tahkim Uygulamalar\u0131 Merkezi Akt\u00fcerya Hukuku ve Bilirki\u015filik E\u011fitim Sertifikas\u0131<\/td>\n<td style=\"text-align: center;\"><img loading=\"lazy\" decoding=\"async\" src=\"https:\/\/tuncayilcim.av.tr\/v5\/wp-content\/uploads\/hacettepe.png\" alt=\"\" width=\"150\" height=\"150\" \/><\/td>\n<\/tr>\n<tr>\n<td style=\"text-align: left;\">Orta Do\u011fu Teknik \u00dcniversitesi<\/td>\n<td style=\"text-align: left;\">S\u00fcrekli E\u011fitim Merkezi Bilgi Teknolojileri E\u011fitim Program\u0131 Kat\u0131l\u0131m Belgesi<\/td>\n<td style=\"text-align: center;\"><img loading=\"lazy\" decoding=\"async\" src=\"https:\/\/tuncayilcim.av.tr\/v5\/wp-content\/uploads\/odtu.png\" alt=\"\" width=\"150\" height=\"150\" \/><\/td>\n<\/tr>\n<tr>\n<td style=\"text-align: left;\">Bursa Uluda\u011f \u00dcniversitesi ULUSEM<\/td>\n<td style=\"text-align: left;\">Konkordato Komiserli\u011fi<\/td>\n<td style=\"text-align: center;\"><img loading=\"lazy\" decoding=\"async\" src=\"https:\/\/tuncayilcim.av.tr\/v5\/wp-content\/uploads\/uludag.png\" alt=\"\" width=\"150\" height=\"150\" \/><\/td>\n<\/tr>\n<tr>\n<td style=\"text-align: left;\">Bursa Uluda\u011f \u00dcniversitesi ULUSEM<\/td>\n<td style=\"text-align: left;\">\u0130flas \u0130dare Memurlu\u011fu<\/td>\n<td style=\"text-align: center;\"><img loading=\"lazy\" decoding=\"async\" src=\"https:\/\/tuncayilcim.av.tr\/v5\/wp-content\/uploads\/uludag.png\" alt=\"\" width=\"150\" height=\"150\" \/><\/td>\n<\/tr>\n<tr>\n<td style=\"text-align: left;\">Bursa Uluda\u011f \u00dcniversitesi ULUSEM<\/td>\n<td style=\"text-align: left;\">Arabuluculuk<\/td>\n<td style=\"text-align: center;\"><img loading=\"lazy\" decoding=\"async\" src=\"https:\/\/tuncayilcim.av.tr\/v5\/wp-content\/uploads\/uludag.png\" alt=\"\" width=\"150\" height=\"150\" \/><\/td>\n<\/tr>\n<\/tbody>\n<\/table>\n","protected":false},"excerpt":{"rendered":"<p>Kurum \u0130\u00e7erik Foto\u011fraf Ankara Barosu CMK Uygulamalar\u0131 Kat\u0131l\u0131m Belgesi TBB Enerji Hukuku ve Bilirki\u015filik Sertifikas\u0131 Bah\u00e7e\u015fehir \u00dcniversitesi Bili\u015fim ve Teknoloji Hukuku E\u011fitim Sertifikas\u0131 Galatasaray \u00dcniversitesi \u0130\u015f<span class=\"excerpt-hellip\"> [\u2026]<\/span><\/p>\n","protected":false},"author":1,"featured_media":-1,"parent":208,"menu_order":0,"comment_status":"closed","ping_status":"closed","template":"","meta":{"_joinchat":[],"footnotes":""},"class_list":["post-168","page","type-page","status-publish","has-post-thumbnail","hentry"],"_links":{"self":[{"href":"https:\/\/tuncayilcim.av.tr\/v5\/wp-json\/wp\/v2\/pages\/168","targetHints":{"allow":["GET"]}}],"collection":[{"href":"https:\/\/tuncayilcim.av.tr\/v5\/wp-json\/wp\/v2\/pages"}],"about":[{"href":"https:\/\/tuncayilcim.av.tr\/v5\/wp-json\/wp\/v2\/types\/page"}],"author":[{"embeddable":true,"href":"https:\/\/tuncayilcim.av.tr\/v5\/wp-json\/wp\/v2\/users\/1"}],"replies":[{"embeddable":true,"href":"https:\/\/tuncayilcim.av.tr\/v5\/wp-json\/wp\/v2\/comments?post=168"}],"version-history":[{"count":2,"href":"https:\/\/tuncayilcim.av.tr\/v5\/wp-json\/wp\/v2\/pages\/168\/revisions"}],"predecessor-version":[{"id":5821,"href":"https:\/\/tuncayilcim.av.tr\/v5\/wp-json\/wp\/v2\/pages\/168\/revisions\/5821"}],"up":[{"embeddable":true,"href":"https:\/\/tuncayilcim.av.tr\/v5\/wp-json\/wp\/v2\/pages\/208"}],"wp:featuredmedia":[{"embeddable":true,"href":"https:\/\/tuncayilcim.av.tr\/v5\/wp-json\/"}],"wp:attachment":[{"href":"https:\/\/tuncayilcim.av.tr\/v5\/wp-json\/wp\/v2\/media?parent=168"}],"curies":[{"name":"wp","href":"https:\/\/api.w.org\/{rel}","templated":true}]}}