{"id":155,"date":"2015-11-02T23:48:47","date_gmt":"2015-11-02T21:48:47","guid":{"rendered":"https:\/\/tuncayilcim.av.tr\/v5\/?page_id=155"},"modified":"2019-07-09T16:15:59","modified_gmt":"2019-07-09T13:15:59","slug":"vekalet-bilgileri","status":"publish","type":"page","link":"https:\/\/tuncayilcim.av.tr\/v5\/kurumsal\/vekalet-bilgileri\/","title":{"rendered":"Vekalet Bilgileri"},"content":{"rendered":"<p>Avukatl\u0131k vekaletnamesi noterlerce d\u00fczenlenir. Yurtd\u0131\u015f\u0131nda ya\u015fayan T\u00fcrk vatanda\u015flar\u0131 b\u00f6lgelerindeki T\u00fcrkiye Konsoloslu\u011funda da bu i\u015flemi yapt\u0131rabilirler. <strong>Tuncay \u0130l\u00e7im<\/strong> <b>Avukatl\u0131k B\u00fcrosu<\/b> avukatlar\u0131na vekaletname \u00e7\u0131karmak i\u00e7in gereken vekaletname bilgilerini l\u00fctfen a\u015fa\u011f\u0131daki ileti\u015fim ara\u00e7lar\u0131 ile talep ediniz.<\/p>\n<p>E-Mail: bilgi@tuncayilcim.av.tr<br \/>\nTel : 0 224 250 42 22<br \/>\nFax : 0 224 250 42 20<\/p>\n<p><b>Verilecek Yetkiler<\/b><\/p>\n<p>Notere a\u015fa\u011f\u0131dakilerden vekaletnamede olmas\u0131n\u0131 istedi\u011finiz yetkileri \u00f6zellikle s\u00f6yleyiniz.<\/p>\n<p>Ahz\u00fckabz, sulh, ibra, davadan ve temyizden feragat, kabul, vazge\u00e7me, tebli\u011f\/tebell\u00fc\u011f etme, mal beyan\u0131nda bulunma, temlik etme, adli sicil kayd\u0131 isteme, ya\u015f ve ad &#8211; soyad\u0131 de\u011fi\u015ftirme davas\u0131 a\u00e7ma.<\/p>\n<p><b>Dikkat!<\/b><\/p>\n<p>\u015eirket ad\u0131na \u00e7\u0131kart\u0131lacak vek\u00e2letnamelerde &#8216;\u015firket ad\u0131na temsilen \u015fahs\u0131 ad\u0131na asaleten&#8217; ibaresini koydurman\u0131z halinde tek vek\u00e2letle hem \u015firketiniz hem de \u015fahs\u0131n\u0131z i\u00e7in vek\u00e2letname \u00e7\u0131kartm\u0131\u015f olursunuz. Gerekti\u011finde tekrar vek\u00e2letname \u00e7\u0131kartmakla u\u011fra\u015fmazs\u0131n\u0131z.<\/p>\n<p align=\"justify\"><b>Bo\u015fanma ve Bo\u015fanman\u0131n Tan\u0131ma Tenzifi Davas\u0131 i\u00e7in vekalet verilecekse D\u0130KKAT!<\/b><\/p>\n<p>Bo\u015fanma davas\u0131 ya da bo\u015fanman\u0131n tan\u0131nmas\u0131 tenfizi davas\u0131 oldu\u011fu notere mutlaka s\u00f6ylenmelidir. Notere 2 foto\u011frafla ve n\u00fcfus c\u00fczdan\u0131 \u2013 resmi bir kimlik belgesi ile gidilmelidir. \u015eirket veya ba\u015fka bir t\u00fczel ki\u015fi ad\u0131na vekaletname verecekseniz temsil belgeniz ile imza sirk\u00fclerini de yan\u0131n\u0131zda bulundurunuz.<\/p>\n<p>Tan\u0131ma tenfiz davas\u0131 i\u00e7in \u00e7\u0131kart\u0131lacak vekaletnamede tan\u0131ma tenfiz davas\u0131 i\u00e7in oldu\u011fu belirtilmelidir.<\/p>\n<p>TANIMA TENF\u0130Z DAVASI A\u00c7ILAB\u0130LMES\u0130 \u0130\u00c7\u0130N KES\u0130NLE\u015eM\u0130\u015e YABANCI MAHKEME KARARININ, APOSTILLE BELGES\u0130N\u0130N VE VEKALETNAMEN\u0130N ASLI \u0130LE RESM\u0130 MAKAMLARCA ONAYLANMI\u015e T\u00dcRK\u00c7E TERC\u00dcMELER\u0130N\u0130N TEM\u0130N ED\u0130LMES\u0130 GEREKMEKTED\u0130R.<\/p>\n","protected":false},"excerpt":{"rendered":"<p>Avukatl\u0131k vekaletnamesi noterlerce d\u00fczenlenir. Yurtd\u0131\u015f\u0131nda ya\u015fayan T\u00fcrk vatanda\u015flar\u0131 b\u00f6lgelerindeki T\u00fcrkiye Konsoloslu\u011funda da bu i\u015flemi yapt\u0131rabilirler. Tuncay \u0130l\u00e7im Avukatl\u0131k B\u00fcrosu avukatlar\u0131na vekaletname \u00e7\u0131karmak i\u00e7in gereken vekaletname bilgilerini<span class=\"excerpt-hellip\"> [\u2026]<\/span><\/p>\n","protected":false},"author":1,"featured_media":0,"parent":208,"menu_order":0,"comment_status":"closed","ping_status":"closed","template":"","meta":{"_joinchat":[],"footnotes":""},"class_list":["post-155","page","type-page","status-publish","hentry"],"_links":{"self":[{"href":"https:\/\/tuncayilcim.av.tr\/v5\/wp-json\/wp\/v2\/pages\/155","targetHints":{"allow":["GET"]}}],"collection":[{"href":"https:\/\/tuncayilcim.av.tr\/v5\/wp-json\/wp\/v2\/pages"}],"about":[{"href":"https:\/\/tuncayilcim.av.tr\/v5\/wp-json\/wp\/v2\/types\/page"}],"author":[{"embeddable":true,"href":"https:\/\/tuncayilcim.av.tr\/v5\/wp-json\/wp\/v2\/users\/1"}],"replies":[{"embeddable":true,"href":"https:\/\/tuncayilcim.av.tr\/v5\/wp-json\/wp\/v2\/comments?post=155"}],"version-history":[{"count":0,"href":"https:\/\/tuncayilcim.av.tr\/v5\/wp-json\/wp\/v2\/pages\/155\/revisions"}],"up":[{"embeddable":true,"href":"https:\/\/tuncayilcim.av.tr\/v5\/wp-json\/wp\/v2\/pages\/208"}],"wp:attachment":[{"href":"https:\/\/tuncayilcim.av.tr\/v5\/wp-json\/wp\/v2\/media?parent=155"}],"curies":[{"name":"wp","href":"https:\/\/api.w.org\/{rel}","templated":true}]}}