{"id":142,"date":"2015-11-02T23:38:11","date_gmt":"2015-11-02T21:38:11","guid":{"rendered":"https:\/\/tuncayilcim.av.tr\/v5\/?page_id=142"},"modified":"2022-04-17T16:33:45","modified_gmt":"2022-04-17T13:33:45","slug":"hakkimizda","status":"publish","type":"page","link":"https:\/\/tuncayilcim.av.tr\/v5\/kurumsal\/hakkimizda\/","title":{"rendered":"Hakk\u0131m\u0131zda"},"content":{"rendered":"<p style=\"text-align: justify; padding-left: 40px;\"><strong><span style=\"color: #993300;\"><img loading=\"lazy\" decoding=\"async\" class=\"wp-image-2698 aligncenter\" src=\"https:\/\/tuncayilcim.av.tr\/v5\/wp-content\/uploads\/20180319_174412_1521470772099.jpg\" alt=\"\" width=\"310\" height=\"264\" srcset=\"https:\/\/tuncayilcim.av.tr\/v5\/wp-content\/uploads\/20180319_174412_1521470772099.jpg 2448w, https:\/\/tuncayilcim.av.tr\/v5\/wp-content\/uploads\/20180319_174412_1521470772099-768x653.jpg 768w, https:\/\/tuncayilcim.av.tr\/v5\/wp-content\/uploads\/20180319_174412_1521470772099-172x146.jpg 172w, https:\/\/tuncayilcim.av.tr\/v5\/wp-content\/uploads\/20180319_174412_1521470772099-50x43.jpg 50w, https:\/\/tuncayilcim.av.tr\/v5\/wp-content\/uploads\/20180319_174412_1521470772099-88x75.jpg 88w\" sizes=\"auto, (max-width:767px) 310px, 310px\" \/><\/span><\/strong><\/p>\n<blockquote>\n<p style=\"text-align: justify;\"><strong><span style=\"color: #993300;\">Av.Tuncay ILCIM :\u00a0<\/span><\/strong><em>1988 Elaz\u0131\u011f do\u011fumludur. \u0130lk ve orta \u00f6\u011frenimini Elaz\u0131\u011f&#8217;da Ko\u00e7 \u0130lk \u00d6\u011fretim Okulu ve Ahmet Kabakl\u0131 Fen Lisesinde tamamlayarak her iki okuldan okul 3.&#8217;s\u00fc olarak ayr\u0131lm\u0131\u015ft\u0131r. Bu s\u00fcre zarf\u0131nda T\u00dcB\u0130TAK ve di\u011fer kurulu\u015flar\u0131n d\u00fczenlemi\u015f oldu\u011fu Matematik olimpiyatlar\u0131nda \u00e7ok say\u0131da b\u00f6lge dereceleri alm\u0131\u015ft\u0131r. 2011 y\u0131l\u0131nda Gazi \u00dcniversitesi Hukuk Fak\u00fcltesinden mezun olarak Avukatl\u0131k Staj\u0131n\u0131 Ankara Barosu&#8217;nda tamamlam\u0131\u015ft\u0131r. Uzunca bir s\u00fcre Ankara ve \u0130stanbul illerinde \u00e7e\u015fitli Sivil Toplum Kurulu\u015flar\u0131n\u0131n kurulumu ve faaliyetlerinin s\u00fcrd\u00fcr\u00fclmesiyle i\u015ftigal ettikten sonra 6. Mekanize ve Piyade T\u00fcmen Komutanl\u0131\u011f\u0131nda Hukuk \u0130\u015fleri Uzman\u0131 Yedek Subay stat\u00fcs\u00fcnde askerlik g\u00f6revinin ifas\u0131n\u0131 m\u00fcteakiben Bursa Barosu&#8217;na naklen gelmi\u015ftir. A\u011f\u0131rl\u0131kl\u0131 olarak Ceza Hukuku, \u0130cra \u0130flas Hukuku, Bor\u00e7lar Hukuku ve Medeni Hukuk dallar\u0131yla ile ilgilenmekte olup ileri seviyede \u0130ngilizce orta d\u00fczeyde almanca ve Rus\u00e7a bilmektedir. Hukuki bir\u00e7ok alanda uzmanl\u0131k ve bilirki\u015filik unvan\u0131na sahiptir. 2015 y\u0131l\u0131ndan bu yana Bursa Barosu&#8217;na &#8216;3457&#8217; sicil numaras\u0131yla kay\u0131tl\u0131 olup halen ayn\u0131 ilde ve Ulusal d\u00fczeyde Avukatl\u0131k Hizmeti vermektedir.<\/em><\/p>\n<p style=\"text-align: justify;\"><span style=\"color: #993300;\"><strong>G\u00f6k\u00e7e KORKUDAN<\/strong><\/span><em> (Sekreter-Katip)<\/em><\/p>\n<\/blockquote>\n<p style=\"text-align: justify;\">\n","protected":false},"excerpt":{"rendered":"<p>Av.Tuncay ILCIM :\u00a01988 Elaz\u0131\u011f do\u011fumludur. \u0130lk ve orta \u00f6\u011frenimini Elaz\u0131\u011f&#8217;da Ko\u00e7 \u0130lk \u00d6\u011fretim Okulu ve Ahmet Kabakl\u0131 Fen Lisesinde tamamlayarak her iki okuldan okul 3.&#8217;s\u00fc olarak<span class=\"excerpt-hellip\"> [\u2026]<\/span><\/p>\n","protected":false},"author":1,"featured_media":0,"parent":208,"menu_order":0,"comment_status":"closed","ping_status":"closed","template":"","meta":{"_joinchat":[],"footnotes":""},"class_list":["post-142","page","type-page","status-publish","hentry"],"_links":{"self":[{"href":"https:\/\/tuncayilcim.av.tr\/v5\/wp-json\/wp\/v2\/pages\/142","targetHints":{"allow":["GET"]}}],"collection":[{"href":"https:\/\/tuncayilcim.av.tr\/v5\/wp-json\/wp\/v2\/pages"}],"about":[{"href":"https:\/\/tuncayilcim.av.tr\/v5\/wp-json\/wp\/v2\/types\/page"}],"author":[{"embeddable":true,"href":"https:\/\/tuncayilcim.av.tr\/v5\/wp-json\/wp\/v2\/users\/1"}],"replies":[{"embeddable":true,"href":"https:\/\/tuncayilcim.av.tr\/v5\/wp-json\/wp\/v2\/comments?post=142"}],"version-history":[{"count":0,"href":"https:\/\/tuncayilcim.av.tr\/v5\/wp-json\/wp\/v2\/pages\/142\/revisions"}],"up":[{"embeddable":true,"href":"https:\/\/tuncayilcim.av.tr\/v5\/wp-json\/wp\/v2\/pages\/208"}],"wp:attachment":[{"href":"https:\/\/tuncayilcim.av.tr\/v5\/wp-json\/wp\/v2\/media?parent=142"}],"curies":[{"name":"wp","href":"https:\/\/api.w.org\/{rel}","templated":true}]}}