{"id":123,"date":"2015-11-02T22:50:39","date_gmt":"2015-11-02T20:50:39","guid":{"rendered":"https:\/\/tuncayilcim.av.tr\/v5\/?page_id=123"},"modified":"2022-04-17T16:26:49","modified_gmt":"2022-04-17T13:26:49","slug":"galeri","status":"publish","type":"page","link":"https:\/\/tuncayilcim.av.tr\/v5\/galeri\/","title":{"rendered":"Galeri"},"content":{"rendered":"<blockquote><p><center><img loading=\"lazy\" decoding=\"async\" class=\"wp-image-2048 aligncenter\" src=\"https:\/\/tuncayilcim.av.tr\/v5\/wp-content\/uploads\/111.jpg\" alt=\"111\" width=\"722\" height=\"210\" srcset=\"https:\/\/tuncayilcim.av.tr\/v5\/wp-content\/uploads\/111.jpg 554w, https:\/\/tuncayilcim.av.tr\/v5\/wp-content\/uploads\/111-260x76.jpg 260w, https:\/\/tuncayilcim.av.tr\/v5\/wp-content\/uploads\/111-50x15.jpg 50w, https:\/\/tuncayilcim.av.tr\/v5\/wp-content\/uploads\/111-150x44.jpg 150w\" sizes=\"auto, (max-width:767px) 480px, 722px\" \/><br \/>\n<em><span style=\"color: #993300;\"><strong>Ofisimizden G\u00f6r\u00fcnt\u00fcler<\/strong><\/span><\/em><\/center><\/p><\/blockquote>\n<p><center><\/center><center><img loading=\"lazy\" decoding=\"async\" class=\"wp-image-1461 alignleft\" src=\"https:\/\/tuncayilcim.av.tr\/v5\/wp-content\/uploads\/20160227_181943.jpg\" alt=\"20160227_181943\" width=\"461\" height=\"259\" srcset=\"https:\/\/tuncayilcim.av.tr\/v5\/wp-content\/uploads\/20160227_181943.jpg 5312w, https:\/\/tuncayilcim.av.tr\/v5\/wp-content\/uploads\/20160227_181943-768x432.jpg 768w, https:\/\/tuncayilcim.av.tr\/v5\/wp-content\/uploads\/20160227_181943-260x146.jpg 260w, https:\/\/tuncayilcim.av.tr\/v5\/wp-content\/uploads\/20160227_181943-50x28.jpg 50w, https:\/\/tuncayilcim.av.tr\/v5\/wp-content\/uploads\/20160227_181943-133x75.jpg 133w\" sizes=\"auto, (max-width:767px) 461px, 461px\" \/><\/center><center><img loading=\"lazy\" decoding=\"async\" class=\"wp-image-1457 alignright\" src=\"https:\/\/tuncayilcim.av.tr\/v5\/wp-content\/uploads\/20160227_182008.jpg\" alt=\"20160227_182008\" width=\"464\" height=\"261\" srcset=\"https:\/\/tuncayilcim.av.tr\/v5\/wp-content\/uploads\/20160227_182008.jpg 5312w, https:\/\/tuncayilcim.av.tr\/v5\/wp-content\/uploads\/20160227_182008-768x432.jpg 768w, https:\/\/tuncayilcim.av.tr\/v5\/wp-content\/uploads\/20160227_182008-260x146.jpg 260w, https:\/\/tuncayilcim.av.tr\/v5\/wp-content\/uploads\/20160227_182008-50x28.jpg 50w, https:\/\/tuncayilcim.av.tr\/v5\/wp-content\/uploads\/20160227_182008-133x75.jpg 133w\" sizes=\"auto, (max-width:767px) 464px, 464px\" \/><\/center><center><\/center><img loading=\"lazy\" decoding=\"async\" class=\"wp-image-2760 aligncenter\" src=\"https:\/\/tuncayilcim.av.tr\/v5\/wp-content\/uploads\/20180410_190058_1523376130226_1523387692953.jpg\" alt=\"\" width=\"1203\" height=\"903\" srcset=\"https:\/\/tuncayilcim.av.tr\/v5\/wp-content\/uploads\/20180410_190058_1523376130226_1523387692953.jpg 3291w, https:\/\/tuncayilcim.av.tr\/v5\/wp-content\/uploads\/20180410_190058_1523376130226_1523387692953-768x576.jpg 768w, https:\/\/tuncayilcim.av.tr\/v5\/wp-content\/uploads\/20180410_190058_1523376130226_1523387692953-195x146.jpg 195w, https:\/\/tuncayilcim.av.tr\/v5\/wp-content\/uploads\/20180410_190058_1523376130226_1523387692953-50x37.jpg 50w, https:\/\/tuncayilcim.av.tr\/v5\/wp-content\/uploads\/20180410_190058_1523376130226_1523387692953-100x75.jpg 100w\" sizes=\"auto, (max-width:767px) 480px, (max-width:1203px) 100vw, 1203px\" \/><\/p>\n","protected":false},"excerpt":{"rendered":"<p>Ofisimizden G\u00f6r\u00fcnt\u00fcler<\/p>\n","protected":false},"author":1,"featured_media":0,"parent":0,"menu_order":0,"comment_status":"closed","ping_status":"closed","template":"","meta":{"_joinchat":[],"footnotes":""},"class_list":["post-123","page","type-page","status-publish","hentry"],"_links":{"self":[{"href":"https:\/\/tuncayilcim.av.tr\/v5\/wp-json\/wp\/v2\/pages\/123","targetHints":{"allow":["GET"]}}],"collection":[{"href":"https:\/\/tuncayilcim.av.tr\/v5\/wp-json\/wp\/v2\/pages"}],"about":[{"href":"https:\/\/tuncayilcim.av.tr\/v5\/wp-json\/wp\/v2\/types\/page"}],"author":[{"embeddable":true,"href":"https:\/\/tuncayilcim.av.tr\/v5\/wp-json\/wp\/v2\/users\/1"}],"replies":[{"embeddable":true,"href":"https:\/\/tuncayilcim.av.tr\/v5\/wp-json\/wp\/v2\/comments?post=123"}],"version-history":[{"count":0,"href":"https:\/\/tuncayilcim.av.tr\/v5\/wp-json\/wp\/v2\/pages\/123\/revisions"}],"wp:attachment":[{"href":"https:\/\/tuncayilcim.av.tr\/v5\/wp-json\/wp\/v2\/media?parent=123"}],"curies":[{"name":"wp","href":"https:\/\/api.w.org\/{rel}","templated":true}]}}